{"id":1219,"date":"2019-12-31T17:31:30","date_gmt":"2019-12-31T16:31:30","guid":{"rendered":"https:\/\/kulturbau.ch\/ws19\/?post_type=product&#038;p=1219"},"modified":"2023-03-27T09:47:36","modified_gmt":"2023-03-27T07:47:36","slug":"dominic-deville-buch-pogo-im-kindergarten","status":"publish","type":"product","link":"https:\/\/kulturbau.ch\/ws19\/shop\/unkategorisiert\/dominic-deville-buch-pogo-im-kindergarten\/","title":{"rendered":"DOMINIC DEVILLE Buch \u00abPogo im Kindergarten\u00bb"},"content":{"rendered":"<h2>Aus dem Alltag eines furchtlosen P\u00e4dagogen<\/h2>\n<div>\n<p>Tollhaus Kindergarten: die lustigsten und verr\u00fccktesten Geschichten aus dem ganz normalen Wahnsinn. Dominic Deville, Gastgeber der besten Schweizer Late-Night-Show, packt aus und erz\u00e4hlt die tollsten Geschichten aus seinem Vorleben als Kinderg\u00e4rtner.<\/p>\n<p>Bitte tief durchatmen: Es ist Montagmorgen, kurz nach acht. Gleich kommen zwanzig schreiende, jubelnde, traurige, aufgeregte Kinder in den Kindergarten gest\u00fcrmt, die vom Wochenende erz\u00e4hlen, spielen, lernen und toben wollen. Und am liebsten alles gleichzeitig. Willkommen in der chaotischen, kunterbunten Welt von Dominic Deville! Der diplomierte P\u00e4dagoge und gescheiterte Punkrocker erz\u00e4hlt in seinem Buch, wie es wirklich in den Kinderg\u00e4rten zugeht. Er kl\u00e4rt dar\u00fcber auf, dass es genau vier typische Charaktere von Kindern gibt, die einem immer wieder begegnen, dass ein Geburtstagsfest im Kindergarten vom Ablauf her komplexer als eine Papstwahl und aufwendiger als die Durchf\u00fchrung einer royalen Hochzeit sein kann, und warum sich Punkrocksongs ausgezeichnet als Kinderlieder eignen. Und er berichtet von missgl\u00fcckten Muttertagsgeschenken und katastrophalen Nikolausbesuchen.<\/p>\n<p>In \u00bbPogo im Kindergarten\u00ab erz\u00e4hlt Dominic Deville selbstironisch und saukomisch davon, wie es ist, inmitten einer Horde F\u00fcnfj\u00e4hriger seinen Mann zu stehen. Und dabei grandios zu scheitern.<\/p>\n<\/div>\n","protected":false},"excerpt":{"rendered":"<p><strong>Aus dem Alltag eines furchtlosen P\u00e4dagogen<\/strong><br \/>\nVerlag: KiWi-Taschenbuch<br \/>\nErscheinungstermin: 09.05.2018<br \/>\n336 Seiten<br \/>\nISBN: 978-3-462-05052-3<br \/>\nAutor: Dominic Deville<\/p>\n","protected":false},"featured_media":1220,"template":"","meta":[],"product_brand":[],"product_cat":[46,60],"product_tag":[61,62],"class_list":{"0":"post-1219","1":"product","2":"type-product","3":"status-publish","4":"has-post-thumbnail","6":"product_cat-unkategorisiert","7":"product_cat-dominic-deville","8":"product_tag-dominic-deville","9":"product_tag-kindergarten","11":"first","12":"outofstock","13":"taxable","14":"shipping-taxable","15":"purchasable","16":"product-type-simple"},"yoast_head":"<!-- This site is optimized with the Yoast SEO plugin v27.1.1 - https:\/\/yoast.com\/product\/yoast-seo-wordpress\/ -->\n<title>DOMINIC DEVILLE Buch \u00abPogo im Kindergarten\u00bb - Kulturbau GmbH<\/title>\n<meta name=\"description\" content=\"DOMINIC DEVILLE Buch \u00abPogo im Kindergarten\u00bb\" \/>\n<meta name=\"robots\" content=\"index, follow, max-snippet:-1, max-image-preview:large, max-video-preview:-1\" \/>\n<link rel=\"canonical\" href=\"https:\/\/kulturbau.ch\/ws19\/shop\/unkategorisiert\/dominic-deville-buch-pogo-im-kindergarten\/\" \/>\n<meta property=\"og:locale\" content=\"de_DE\" \/>\n<meta property=\"og:type\" content=\"article\" \/>\n<meta property=\"og:title\" content=\"DOMINIC DEVILLE Buch \u00abPogo im Kindergarten\u00bb - Kulturbau GmbH\" \/>\n<meta property=\"og:description\" content=\"DOMINIC DEVILLE Buch \u00abPogo im Kindergarten\u00bb\" \/>\n<meta property=\"og:url\" content=\"https:\/\/kulturbau.ch\/ws19\/shop\/unkategorisiert\/dominic-deville-buch-pogo-im-kindergarten\/\" \/>\n<meta property=\"og:site_name\" content=\"Kulturbau GmbH\" \/>\n<meta property=\"article:publisher\" content=\"https:\/\/www.facebook.com\/kulturbau\" \/>\n<meta property=\"article:modified_time\" content=\"2023-03-27T07:47:36+00:00\" \/>\n<meta property=\"og:image\" content=\"https:\/\/kulturbau.ch\/ws19\/wp-content\/uploads\/2019\/12\/pogoimkindergarten_cover.jpg\" \/>\n\t<meta property=\"og:image:width\" content=\"394\" \/>\n\t<meta property=\"og:image:height\" content=\"600\" \/>\n\t<meta property=\"og:image:type\" content=\"image\/jpeg\" \/>\n<meta name=\"twitter:card\" content=\"summary_large_image\" \/>\n<meta name=\"twitter:label1\" content=\"Gesch\u00e4tzte Lesezeit\" \/>\n\t<meta name=\"twitter:data1\" content=\"2\u00a0Minuten\" \/>\n<script type=\"application\/ld+json\" class=\"yoast-schema-graph\">{\"@context\":\"https:\/\/schema.org\",\"@graph\":[{\"@type\":\"WebPage\",\"@id\":\"https:\/\/kulturbau.ch\/ws19\/shop\/unkategorisiert\/dominic-deville-buch-pogo-im-kindergarten\/\",\"url\":\"https:\/\/kulturbau.ch\/ws19\/shop\/unkategorisiert\/dominic-deville-buch-pogo-im-kindergarten\/\",\"name\":\"DOMINIC DEVILLE Buch \u00abPogo im Kindergarten\u00bb - Kulturbau GmbH\",\"isPartOf\":{\"@id\":\"https:\/\/kulturbau.ch\/ws19\/#website\"},\"primaryImageOfPage\":{\"@id\":\"https:\/\/kulturbau.ch\/ws19\/shop\/unkategorisiert\/dominic-deville-buch-pogo-im-kindergarten\/#primaryimage\"},\"image\":{\"@id\":\"https:\/\/kulturbau.ch\/ws19\/shop\/unkategorisiert\/dominic-deville-buch-pogo-im-kindergarten\/#primaryimage\"},\"thumbnailUrl\":\"https:\/\/kulturbau.ch\/ws19\/wp-content\/uploads\/2019\/12\/pogoimkindergarten_cover.jpg\",\"datePublished\":\"2019-12-31T16:31:30+00:00\",\"dateModified\":\"2023-03-27T07:47:36+00:00\",\"description\":\"DOMINIC DEVILLE Buch \u00abPogo im Kindergarten\u00bb\",\"breadcrumb\":{\"@id\":\"https:\/\/kulturbau.ch\/ws19\/shop\/unkategorisiert\/dominic-deville-buch-pogo-im-kindergarten\/#breadcrumb\"},\"inLanguage\":\"de-CH\",\"potentialAction\":[{\"@type\":\"ReadAction\",\"target\":[\"https:\/\/kulturbau.ch\/ws19\/shop\/unkategorisiert\/dominic-deville-buch-pogo-im-kindergarten\/\"]}]},{\"@type\":\"ImageObject\",\"inLanguage\":\"de-CH\",\"@id\":\"https:\/\/kulturbau.ch\/ws19\/shop\/unkategorisiert\/dominic-deville-buch-pogo-im-kindergarten\/#primaryimage\",\"url\":\"https:\/\/kulturbau.ch\/ws19\/wp-content\/uploads\/2019\/12\/pogoimkindergarten_cover.jpg\",\"contentUrl\":\"https:\/\/kulturbau.ch\/ws19\/wp-content\/uploads\/2019\/12\/pogoimkindergarten_cover.jpg\",\"width\":394,\"height\":600},{\"@type\":\"BreadcrumbList\",\"@id\":\"https:\/\/kulturbau.ch\/ws19\/shop\/unkategorisiert\/dominic-deville-buch-pogo-im-kindergarten\/#breadcrumb\",\"itemListElement\":[{\"@type\":\"ListItem\",\"position\":1,\"name\":\"Home\",\"item\":\"https:\/\/kulturbau.ch\/ws19\/\"},{\"@type\":\"ListItem\",\"position\":2,\"name\":\"Shop\",\"item\":\"https:\/\/kulturbau.ch\/ws19\/shop\/\"},{\"@type\":\"ListItem\",\"position\":3,\"name\":\"DOMINIC DEVILLE Buch \u00abPogo im Kindergarten\u00bb\"}]},{\"@type\":\"WebSite\",\"@id\":\"https:\/\/kulturbau.ch\/ws19\/#website\",\"url\":\"https:\/\/kulturbau.ch\/ws19\/\",\"name\":\"Kulturbau GmbH\",\"description\":\"K\u00fcnstlervermittlung &amp; Kulturproduktionen\",\"publisher\":{\"@id\":\"https:\/\/kulturbau.ch\/ws19\/#organization\"},\"potentialAction\":[{\"@type\":\"SearchAction\",\"target\":{\"@type\":\"EntryPoint\",\"urlTemplate\":\"https:\/\/kulturbau.ch\/ws19\/?s={search_term_string}\"},\"query-input\":{\"@type\":\"PropertyValueSpecification\",\"valueRequired\":true,\"valueName\":\"search_term_string\"}}],\"inLanguage\":\"de-CH\"},{\"@type\":\"Organization\",\"@id\":\"https:\/\/kulturbau.ch\/ws19\/#organization\",\"name\":\"Kulturbau GmbH\",\"url\":\"https:\/\/kulturbau.ch\/ws19\/\",\"logo\":{\"@type\":\"ImageObject\",\"inLanguage\":\"de-CH\",\"@id\":\"https:\/\/kulturbau.ch\/ws19\/#\/schema\/logo\/image\/\",\"url\":\"https:\/\/kulturbau.ch\/ws19\/wp-content\/uploads\/2019\/07\/kulturbau_logo.gif\",\"contentUrl\":\"https:\/\/kulturbau.ch\/ws19\/wp-content\/uploads\/2019\/07\/kulturbau_logo.gif\",\"width\":313,\"height\":58,\"caption\":\"Kulturbau GmbH\"},\"image\":{\"@id\":\"https:\/\/kulturbau.ch\/ws19\/#\/schema\/logo\/image\/\"},\"sameAs\":[\"https:\/\/www.facebook.com\/kulturbau\",\"https:\/\/www.instagram.com\/kulturbau_agentur\/\"]}]}<\/script>\n<!-- \/ Yoast SEO plugin. -->","yoast_head_json":{"title":"DOMINIC DEVILLE Buch \u00abPogo im Kindergarten\u00bb - Kulturbau GmbH","description":"DOMINIC DEVILLE Buch \u00abPogo im Kindergarten\u00bb","robots":{"index":"index","follow":"follow","max-snippet":"max-snippet:-1","max-image-preview":"max-image-preview:large","max-video-preview":"max-video-preview:-1"},"canonical":"https:\/\/kulturbau.ch\/ws19\/shop\/unkategorisiert\/dominic-deville-buch-pogo-im-kindergarten\/","og_locale":"de_DE","og_type":"article","og_title":"DOMINIC DEVILLE Buch \u00abPogo im Kindergarten\u00bb - Kulturbau GmbH","og_description":"DOMINIC DEVILLE Buch \u00abPogo im Kindergarten\u00bb","og_url":"https:\/\/kulturbau.ch\/ws19\/shop\/unkategorisiert\/dominic-deville-buch-pogo-im-kindergarten\/","og_site_name":"Kulturbau GmbH","article_publisher":"https:\/\/www.facebook.com\/kulturbau","article_modified_time":"2023-03-27T07:47:36+00:00","og_image":[{"width":394,"height":600,"url":"https:\/\/kulturbau.ch\/ws19\/wp-content\/uploads\/2019\/12\/pogoimkindergarten_cover.jpg","type":"image\/jpeg"}],"twitter_card":"summary_large_image","twitter_misc":{"Gesch\u00e4tzte Lesezeit":"2\u00a0Minuten"},"schema":{"@context":"https:\/\/schema.org","@graph":[{"@type":"WebPage","@id":"https:\/\/kulturbau.ch\/ws19\/shop\/unkategorisiert\/dominic-deville-buch-pogo-im-kindergarten\/","url":"https:\/\/kulturbau.ch\/ws19\/shop\/unkategorisiert\/dominic-deville-buch-pogo-im-kindergarten\/","name":"DOMINIC DEVILLE Buch \u00abPogo im Kindergarten\u00bb - Kulturbau GmbH","isPartOf":{"@id":"https:\/\/kulturbau.ch\/ws19\/#website"},"primaryImageOfPage":{"@id":"https:\/\/kulturbau.ch\/ws19\/shop\/unkategorisiert\/dominic-deville-buch-pogo-im-kindergarten\/#primaryimage"},"image":{"@id":"https:\/\/kulturbau.ch\/ws19\/shop\/unkategorisiert\/dominic-deville-buch-pogo-im-kindergarten\/#primaryimage"},"thumbnailUrl":"https:\/\/kulturbau.ch\/ws19\/wp-content\/uploads\/2019\/12\/pogoimkindergarten_cover.jpg","datePublished":"2019-12-31T16:31:30+00:00","dateModified":"2023-03-27T07:47:36+00:00","description":"DOMINIC DEVILLE Buch \u00abPogo im Kindergarten\u00bb","breadcrumb":{"@id":"https:\/\/kulturbau.ch\/ws19\/shop\/unkategorisiert\/dominic-deville-buch-pogo-im-kindergarten\/#breadcrumb"},"inLanguage":"de-CH","potentialAction":[{"@type":"ReadAction","target":["https:\/\/kulturbau.ch\/ws19\/shop\/unkategorisiert\/dominic-deville-buch-pogo-im-kindergarten\/"]}]},{"@type":"ImageObject","inLanguage":"de-CH","@id":"https:\/\/kulturbau.ch\/ws19\/shop\/unkategorisiert\/dominic-deville-buch-pogo-im-kindergarten\/#primaryimage","url":"https:\/\/kulturbau.ch\/ws19\/wp-content\/uploads\/2019\/12\/pogoimkindergarten_cover.jpg","contentUrl":"https:\/\/kulturbau.ch\/ws19\/wp-content\/uploads\/2019\/12\/pogoimkindergarten_cover.jpg","width":394,"height":600},{"@type":"BreadcrumbList","@id":"https:\/\/kulturbau.ch\/ws19\/shop\/unkategorisiert\/dominic-deville-buch-pogo-im-kindergarten\/#breadcrumb","itemListElement":[{"@type":"ListItem","position":1,"name":"Home","item":"https:\/\/kulturbau.ch\/ws19\/"},{"@type":"ListItem","position":2,"name":"Shop","item":"https:\/\/kulturbau.ch\/ws19\/shop\/"},{"@type":"ListItem","position":3,"name":"DOMINIC DEVILLE Buch \u00abPogo im Kindergarten\u00bb"}]},{"@type":"WebSite","@id":"https:\/\/kulturbau.ch\/ws19\/#website","url":"https:\/\/kulturbau.ch\/ws19\/","name":"Kulturbau GmbH","description":"K\u00fcnstlervermittlung &amp; Kulturproduktionen","publisher":{"@id":"https:\/\/kulturbau.ch\/ws19\/#organization"},"potentialAction":[{"@type":"SearchAction","target":{"@type":"EntryPoint","urlTemplate":"https:\/\/kulturbau.ch\/ws19\/?s={search_term_string}"},"query-input":{"@type":"PropertyValueSpecification","valueRequired":true,"valueName":"search_term_string"}}],"inLanguage":"de-CH"},{"@type":"Organization","@id":"https:\/\/kulturbau.ch\/ws19\/#organization","name":"Kulturbau GmbH","url":"https:\/\/kulturbau.ch\/ws19\/","logo":{"@type":"ImageObject","inLanguage":"de-CH","@id":"https:\/\/kulturbau.ch\/ws19\/#\/schema\/logo\/image\/","url":"https:\/\/kulturbau.ch\/ws19\/wp-content\/uploads\/2019\/07\/kulturbau_logo.gif","contentUrl":"https:\/\/kulturbau.ch\/ws19\/wp-content\/uploads\/2019\/07\/kulturbau_logo.gif","width":313,"height":58,"caption":"Kulturbau GmbH"},"image":{"@id":"https:\/\/kulturbau.ch\/ws19\/#\/schema\/logo\/image\/"},"sameAs":["https:\/\/www.facebook.com\/kulturbau","https:\/\/www.instagram.com\/kulturbau_agentur\/"]}]}},"_links":{"self":[{"href":"https:\/\/kulturbau.ch\/ws19\/wp-json\/wp\/v2\/product\/1219","targetHints":{"allow":["GET"]}}],"collection":[{"href":"https:\/\/kulturbau.ch\/ws19\/wp-json\/wp\/v2\/product"}],"about":[{"href":"https:\/\/kulturbau.ch\/ws19\/wp-json\/wp\/v2\/types\/product"}],"wp:featuredmedia":[{"embeddable":true,"href":"https:\/\/kulturbau.ch\/ws19\/wp-json\/wp\/v2\/media\/1220"}],"wp:attachment":[{"href":"https:\/\/kulturbau.ch\/ws19\/wp-json\/wp\/v2\/media?parent=1219"}],"wp:term":[{"taxonomy":"product_brand","embeddable":true,"href":"https:\/\/kulturbau.ch\/ws19\/wp-json\/wp\/v2\/product_brand?post=1219"},{"taxonomy":"product_cat","embeddable":true,"href":"https:\/\/kulturbau.ch\/ws19\/wp-json\/wp\/v2\/product_cat?post=1219"},{"taxonomy":"product_tag","embeddable":true,"href":"https:\/\/kulturbau.ch\/ws19\/wp-json\/wp\/v2\/product_tag?post=1219"}],"curies":[{"name":"wp","href":"https:\/\/api.w.org\/{rel}","templated":true}]}}