{"id":769,"date":"2019-09-04T11:41:45","date_gmt":"2019-09-04T09:41:45","guid":{"rendered":"https:\/\/kulturbau.ch\/ws19\/?page_id=769"},"modified":"2022-08-29T08:43:32","modified_gmt":"2022-08-29T06:43:32","slug":"offene-buehnen","status":"publish","type":"page","link":"https:\/\/kulturbau.ch\/ws19\/offene-buehnen\/","title":{"rendered":"Offene B\u00fchnen"},"content":{"rendered":"<div class=\"fusion-fullwidth fullwidth-box fusion-builder-row-1 nonhundred-percent-fullwidth non-hundred-percent-height-scrolling gradient-container-1\" style=\"--awb-border-radius-top-left:0px;--awb-border-radius-top-right:0px;--awb-border-radius-bottom-right:0px;--awb-border-radius-bottom-left:0px;--awb-padding-top:0px;--awb-flex-wrap:wrap;\" ><div class=\"fusion-builder-row fusion-row\"><div class=\"fusion-layout-column fusion_builder_column fusion-builder-column-0 fusion_builder_column_1_5 1_5 fusion-one-fifth fusion-column-first\" style=\"--awb-padding-top:27px;--awb-bg-blend:overlay;--awb-bg-size:cover;width:20%;width:calc(20% - ( ( 4% ) * 0.2 ) );margin-right: 4%;\"><div class=\"fusion-column-wrapper fusion-column-has-shadow fusion-flex-column-wrapper-legacy\"><div class=\"fusion-text fusion-text-1\"><p><u style=\"color: var(--body_typography-color); font-family: var(--body_typography-font-family); font-size: var(--body_typography-font-size); font-style: var(--body_typography-font-style,normal); letter-spacing: var(--body_typography-letter-spacing);\"><b>N\u00c4CHSTE TERMINE<\/b><\/u><\/p>\n<\/div><div class=\"mec-wrap mec-skin-custom-container \" id=\"mec_skin_4211\">\r\n\r\n    \r\n            <div class=\"mec-skin-custom-events-container\" id=\"mec_skin_events_4211\">\r\n        <div class=\"mec-wrap colorskin-custom\">\r\n    <div class=\"mec-event-custom-3987\">\r\n        <div class=\"row\"><div class=\"col-md-12 col-sm-12\"><article class=\"mec-event-article mec-sd-event-article8445 mec-clear\" itemscope><style>.elementor-3987 .elementor-element.elementor-element-131f5b1 .elementor-column-gap-custom .elementor-column > .elementor-element-populated{padding:0px;}.elementor-3987 .elementor-element.elementor-element-131f5b1:hover > .elementor-background-overlay{filter:brightness( 100% ) contrast( 100% ) saturate( 100% ) blur( 0px ) hue-rotate( 0deg );}.elementor-3987 .elementor-element.elementor-element-131f5b1{border-style:solid;border-width:1px 0px 0px 0px;border-color:#FC9100;}.elementor-3987 .elementor-element.elementor-element-131f5b1, .elementor-3987 .elementor-element.elementor-element-131f5b1 > .elementor-background-overlay{border-radius:0px 0px 0px 0px;}.elementor-3987 .elementor-element.elementor-element-ac938a7 > .elementor-element-populated{border-style:solid;border-width:0px 0px 0px 0px;border-color:var( --e-global-color-73b87fd );}.elementor-3987 .elementor-element.elementor-element-ac938a7 > .elementor-element-populated, .elementor-3987 .elementor-element.elementor-element-ac938a7 > .elementor-element-populated > .elementor-background-overlay, .elementor-3987 .elementor-element.elementor-element-ac938a7 > .elementor-background-slideshow{border-radius:0px 0px 0px 0px;}.elementor-3987 .elementor-element.elementor-element-0843792 .mec-event-date{font-size:11px;font-weight:bold;font-style:normal;text-decoration:none;text-align:left;display:block;color:var( --e-global-color-b53723d );background:rgba(255,255,255,0);margin:0px 0px -20px 0px;padding:0px 0px 0px 0px;border-radius:0px 0px 0px 0px;}.elementor-3987 .elementor-element.elementor-element-0843792 .mec-event-date:hover{color:var( --e-global-color-73b87fd );background:rgba(255,255,255,0);}.elementor-3987 .elementor-element.elementor-element-0843792 > .elementor-widget-container{margin:3px 0px 0px 0px;}.elementor-3987 .elementor-element.elementor-element-f99c595 .mec-location-name{font-size:11px;font-weight:bold;line-height:16px;text-align:left;display:block;color:#000;background:rgba(255,255,255,0);margin:0px 0px 0px 0px;padding:0px 0px 0px 0px;}.elementor-3987 .elementor-element.elementor-element-f99c595 .mec-location-name:hover{color:#020202;background:rgba(255,255,255,0);}.elementor-3987 .elementor-element.elementor-element-f99c595 > .elementor-widget-container{margin:0px 0px 0px 0px;padding:0px 0px 0px 0px;}.elementor-3987 .elementor-element.elementor-element-0f9f51d .mec-event-excerpt, .elementor-3987 .elementor-element.elementor-element-0f9f51d .mec-event-excerpt *{font-size:11px;line-height:12px;letter-spacing:0px;text-align:left;display:block;color:#000;background:rgba(255,255,255,0);margin:0px 0px -44px 0px;}.elementor-3987 .elementor-element.elementor-element-0f9f51d .mec-event-excerpt:hover , .elementor-3987 .elementor-element.elementor-element-0f9f51d .mec-event-excerpt:hover *{color:#000;}.elementor-3987 .elementor-element.elementor-element-0f9f51d .mec-event-excerpt:hover, .elementor-3987 .elementor-element.elementor-element-0f9f51d .mec-event-excerpt:hover *{background:rgba(255,255,255,0);}.elementor-3987 .elementor-element.elementor-element-0f9f51d > .elementor-widget-container{margin:2px 0px 0px 0px;}.elementor-3987 .elementor-element.elementor-element-5bfb889 .mec-booking-button, .elementor-3987 .elementor-element.elementor-element-5bfb889  .mec-mb-button{font-size:11px;line-height:0.1em;letter-spacing:0px;display:inline-block;margin:-12px 0px -13px 0px;padding:0px 0px 0px 0px;}.elementor-3987 .elementor-element.elementor-element-5bfb889 .mec-event-readmore{text-align:left;}.elementor-3987 .elementor-element.elementor-element-5bfb889 .mec-booking-button{color:#FC9100;background:#FDFDFD00;}.elementor-3987 .elementor-element.elementor-element-5bfb889 .mec-booking-button:hover{color:#000099;background:#FBFBFF00;}.elementor-3987 .elementor-element.elementor-element-5bfb889  .mec-mb-button:hover{background:#FFFFFF;}.elementor-3987 .elementor-element.elementor-element-5bfb889 > .elementor-widget-container{margin:-12px 0px -19px 0px;padding:0px 0px 10px 0px;border-radius:0px 0px 0px 0px;}<\/style>\t\t<div data-elementor-type=\"wp-post\" data-elementor-id=\"3987\" class=\"elementor elementor-3987\">\n\t\t\t\t\t\t<section class=\"elementor-section elementor-top-section elementor-element elementor-element-131f5b1 elementor-section-full_width elementor-section-height-default elementor-section-height-default\" data-id=\"131f5b1\" data-element_type=\"section\" data-e-type=\"section\">\n\t\t\t\t\t\t<div class=\"elementor-container elementor-column-gap-custom\">\n\t\t\t\t\t<div class=\"elementor-column elementor-col-100 elementor-top-column elementor-element elementor-element-ac938a7\" data-id=\"ac938a7\" data-element_type=\"column\" data-e-type=\"column\">\n\t\t\t<div class=\"elementor-widget-wrap elementor-element-populated\">\n\t\t\t\t\t\t<div class=\"elementor-element elementor-element-0843792 elementor-widget elementor-widget-mec-date\" data-id=\"0843792\" data-element_type=\"widget\" data-e-type=\"widget\" data-widget_type=\"mec-date.default\">\n\t\t\t\t<div class=\"elementor-widget-container\">\n\t\t\t\t\t\t\t<div class=\"mec-shortcode-designer\">\r\n\t\t\t<div class=\"mec-event-date\">\r\n\t\t\t\t<span class=\"mec-start-date-label\">18 Mai 2026<\/span>\t\t\t<\/div>\r\n\t\t<\/div>\r\n\t\t\t\t\t\t<\/div>\n\t\t\t\t<\/div>\n\t\t\t\t<div class=\"elementor-element elementor-element-f99c595 elementor-widget elementor-widget-mec-location-name\" data-id=\"f99c595\" data-element_type=\"widget\" data-e-type=\"widget\" data-widget_type=\"mec-location-name.default\">\n\t\t\t\t<div class=\"elementor-widget-container\">\n\t\t\t\t\t\t\t\t\t<div class=\"mec-shortcode-designer\">\r\n\t\t\t\t\t<div class=\"mec-location-name\">Casinotheater WINTERTHUR<\/div>\r\n\t\t\t\t<\/div>\r\n\t\t\t\t\t\t\t\t<\/div>\n\t\t\t\t<\/div>\n\t\t\t\t<div class=\"elementor-element elementor-element-0f9f51d elementor-widget elementor-widget-mec-excerpt\" data-id=\"0f9f51d\" data-element_type=\"widget\" data-e-type=\"widget\" data-widget_type=\"mec-excerpt.default\">\n\t\t\t\t<div class=\"elementor-widget-container\">\n\t\t\t\t\t\t\t<div class=\"mec-shortcode-designer\">\r\n\t\t\t<div class=\"mec-event-excerpt\">\r\n\t\t\t\t<p>RAMPENSAU \u2013 Offene B\u00fchne<\/p>\n\t\t\t<\/div>\r\n\t\t<\/div>\r\n\t\t\t\t\t\t<\/div>\n\t\t\t\t<\/div>\n\t\t\t\t<div class=\"elementor-element elementor-element-5bfb889 elementor-widget elementor-widget-mec-read-more\" data-id=\"5bfb889\" data-element_type=\"widget\" data-e-type=\"widget\" data-settings=\"{&quot;_animation&quot;:&quot;none&quot;}\" data-widget_type=\"mec-read-more.default\">\n\t\t\t\t<div class=\"elementor-widget-container\">\n\t\t\t\t\t\t\t<div class=\"mec-shortcode-designer\">\r\n\t\t\t<div class=\"mec-event-readmore\">\r\n\t\t\t\t<a class=\"mec-booking-button\" data-event-id=\"8445\" href=\"https:\/\/www.casinotheater.ch\/spielplan\/produktion\/rampensau-2\/?backID=38849&occurrence=2026-05-18\" target=\"_blank\">\r\n\t\t\t\t\t>mehr\t\t\t\t<\/a>\r\n\t\t\t\t\t\t\t<\/div>\r\n\t\t<\/div>\r\n\t\t\t\t\t\t<\/div>\n\t\t\t\t<\/div>\n\t\t\t\t\t<\/div>\n\t\t<\/div>\n\t\t\t\t\t<\/div>\n\t\t<\/section>\n\t\t\t\t<section class=\"elementor-section elementor-top-section elementor-element elementor-element-c2aef95 elementor-section-boxed elementor-section-height-default elementor-section-height-default\" data-id=\"c2aef95\" data-element_type=\"section\" data-e-type=\"section\">\n\t\t\t\t\t\t<div class=\"elementor-container elementor-column-gap-default\">\n\t\t\t\t\t<div class=\"elementor-column elementor-col-100 elementor-top-column elementor-element elementor-element-d2604ff\" data-id=\"d2604ff\" data-element_type=\"column\" data-e-type=\"column\">\n\t\t\t<div class=\"elementor-widget-wrap\">\n\t\t\t\t\t\t\t<\/div>\n\t\t<\/div>\n\t\t\t\t\t<\/div>\n\t\t<\/section>\n\t\t\t\t<\/div>\n\t\t<\/article><\/div><\/div>\t<\/div>\r\n<\/div>\r\n    <\/div>\r\n    <div class=\"mec-skin-custom-no-events-container mec-util-hidden\" id=\"mec_skin_no_events_4211\">\r\n        No event found!    <\/div>\r\n    \r\n    \r\n<\/div>\r\n\n<div class=\"fusion-clearfix\"><\/div><\/div><\/div><div class=\"fusion-layout-column fusion_builder_column fusion-builder-column-1 fusion_builder_column_4_5 4_5 fusion-four-fifth fusion-column-last\" style=\"--awb-bg-blend:overlay;--awb-bg-size:cover;width:80%;width:calc(80% - ( ( 4% ) * 0.8 ) );\"><div class=\"fusion-column-wrapper fusion-column-has-shadow fusion-flex-column-wrapper-legacy\"><div class=\"fusion-text fusion-text-2\"><p><strong><span style=\"color: #000099; font-size: 40px;\" data-fusion-font=\"true\">OFFENE B\u00dcHNEN<\/span><\/strong><\/p>\n<p><strong>Kulturbau organisiert seit 2001 Offene B\u00fchnen.<br \/>\n<\/strong><br \/>\n<strong>Zur Zeit sind wir im <span style=\"color: #ff0000;\">Casinotheater Winterthur mit der Rampenau.<\/span><br \/>\n<\/strong><strong>der B\u00f6se Montag im Hechtplatz macht zur Zeit Pause.<\/strong><\/p>\n<p><span style=\"color: rgb(255, 255, 255); font-family: var(--body_typography-font-family); font-size: var(--body_typography-font-size); font-style: var(--body_typography-font-style,normal); letter-spacing: var(--body_typography-letter-spacing);\">.<\/span><\/p>\n<hr>\n<\/div><div class=\"fusion-text fusion-text-3\"><h2 class=\"fusion-responsive-typography-calculated\" style=\"--fontsize: 28; line-height: 1.18;\" data-fontsize=\"28\" data-lineheight=\"33px\"><span style=\"color: #ff0000; font-size: 40px;\" data-fusion-font=\"true\">RAMPENSAU<\/span><\/h2>\n<h3 class=\"fusion-responsive-typography-calculated\" style=\"--fontsize: 23; line-height: 1.48; --minfontsize: 23;\" data-fontsize=\"23\" data-lineheight=\"34px\">im Casinotheater Winterthur<br \/>\nOffener B\u00fchnenvollzug mit Dominic Deville<\/h3>\n<p><strong>B\u00fchne frei f\u00fcr junge Kabaretthoffnungen, selbsternannte Gesangswunder, Hobbyzauberer und gestandene Profis!<\/strong><\/p>\n<p>Dominic Deville heisst alle willkommen, die etwas auf dem Kasten haben oder dies zumindest glauben. Und auch die Zuschauer befinden sich mit den K\u00fcnstlern auf der B\u00fchne \u2013 die intime Atmosph\u00e4re verspricht ein Comedy- und Theatererlebnis der besonderen Art. Den teilnehmenden K\u00fcnstlern gewiss sind eine wohlwollende Ank\u00fcndigung und eine herzliche Umarmung zum Schluss von Dominic Deville himself.<\/p>\n<p>Anmeldungen als K\u00fcnstler bis 18 Uhr am jeweiligen Tag an der Theaterkasse oder unter <a href=\"mailto:mettler@kulturbau.ch\">mettler@kulturbau.ch<\/a><\/p>\n<\/div><div class=\"fusion-button-wrapper\"><a class=\"fusion-button button-flat fusion-button-default-size button-default fusion-button-default button-1 fusion-button-default-span fusion-button-default-type\" target=\"_blank\" rel=\"noopener noreferrer\" title=\"www.casinotheater.ch\" aria-label=\"www.casinotheater.ch\" href=\"https:\/\/www.casinotheater.ch\/theater\/spielplan\/rampensau-2018\"><span class=\"fusion-button-text awb-button__text awb-button__text--default\">www.casinotheater.ch<\/span><\/a><\/div><div class=\"fusion-image-element in-legacy-container\" style=\"--awb-caption-title-font-family:var(--h2_typography-font-family);--awb-caption-title-font-weight:var(--h2_typography-font-weight);--awb-caption-title-font-style:var(--h2_typography-font-style);--awb-caption-title-size:var(--h2_typography-font-size);--awb-caption-title-transform:var(--h2_typography-text-transform);--awb-caption-title-line-height:var(--h2_typography-line-height);--awb-caption-title-letter-spacing:var(--h2_typography-letter-spacing);\"><span class=\" fusion-imageframe imageframe-dropshadow imageframe-1 hover-type-none\" style=\"-webkit-box-shadow: 3px 3px 7px rgba(0,0,0,0.3);box-shadow: 3px 3px 7px rgba(0,0,0,0.3);\"><img fetchpriority=\"high\" decoding=\"async\" fetchpriority=\"high\" width=\"1154\" height=\"649\" title=\"Rampensau_NEU_gr\" src=\"https:\/\/kulturbau.ch\/ws19\/wp-content\/uploads\/2019\/09\/Rampensau_NEU_gr.jpg\" data-orig-src=\"https:\/\/kulturbau.ch\/ws19\/wp-content\/uploads\/2019\/09\/Rampensau_NEU_gr.jpg\" alt class=\"lazyload img-responsive wp-image-771\" srcset=\"data:image\/svg+xml,%3Csvg%20xmlns%3D%27http%3A%2F%2Fwww.w3.org%2F2000%2Fsvg%27%20width%3D%271154%27%20height%3D%27649%27%20viewBox%3D%270%200%201154%20649%27%3E%3Crect%20width%3D%271154%27%20height%3D%27649%27%20fill-opacity%3D%220%22%2F%3E%3C%2Fsvg%3E\" data-srcset=\"https:\/\/kulturbau.ch\/ws19\/wp-content\/uploads\/2019\/09\/Rampensau_NEU_gr-200x112.jpg 200w, https:\/\/kulturbau.ch\/ws19\/wp-content\/uploads\/2019\/09\/Rampensau_NEU_gr-400x225.jpg 400w, https:\/\/kulturbau.ch\/ws19\/wp-content\/uploads\/2019\/09\/Rampensau_NEU_gr-600x337.jpg 600w, https:\/\/kulturbau.ch\/ws19\/wp-content\/uploads\/2019\/09\/Rampensau_NEU_gr-800x450.jpg 800w, https:\/\/kulturbau.ch\/ws19\/wp-content\/uploads\/2019\/09\/Rampensau_NEU_gr.jpg 1154w\" data-sizes=\"auto\" data-orig-sizes=\"(max-width: 800px) 100vw, 1154px\" \/><\/span><\/div><div class=\"fusion-text fusion-text-4\"><p><span style=\"color: #ffffff;\">.<\/span><\/p>\n<h2 class=\"fusion-responsive-typography-calculated\" style=\"text-align: left; --fontsize: 28; line-height: 1.18;\" data-fontsize=\"28\" data-lineheight=\"33px\"><\/h2>\n<div align=\"center\"><span style=\"color: #ffffff;\">.<\/span><\/div>\n<div style=\"text-align: left;\" align=\"center\"><\/div>\n<\/div><div class=\"fusion-image-element in-legacy-container\" style=\"--awb-caption-title-font-family:var(--h2_typography-font-family);--awb-caption-title-font-weight:var(--h2_typography-font-weight);--awb-caption-title-font-style:var(--h2_typography-font-style);--awb-caption-title-size:var(--h2_typography-font-size);--awb-caption-title-transform:var(--h2_typography-text-transform);--awb-caption-title-line-height:var(--h2_typography-line-height);--awb-caption-title-letter-spacing:var(--h2_typography-letter-spacing);\"><span class=\" fusion-imageframe imageframe-dropshadow imageframe-2 hover-type-none\" style=\"-webkit-box-shadow: 3px 3px 7px rgba(0,0,0,0.3);box-shadow: 3px 3px 7px rgba(0,0,0,0.3);\"><img decoding=\"async\" width=\"1024\" height=\"683\" title=\"boem20\" src=\"https:\/\/kulturbau.ch\/ws19\/wp-content\/uploads\/2022\/01\/boem20-1200x800.jpg\" data-orig-src=\"https:\/\/kulturbau.ch\/ws19\/wp-content\/uploads\/2022\/01\/boem20-1024x683.jpg\" alt class=\"lazyload img-responsive wp-image-5505\" srcset=\"data:image\/svg+xml,%3Csvg%20xmlns%3D%27http%3A%2F%2Fwww.w3.org%2F2000%2Fsvg%27%20width%3D%271200%27%20height%3D%27800%27%20viewBox%3D%270%200%201200%20800%27%3E%3Crect%20width%3D%271200%27%20height%3D%27800%27%20fill-opacity%3D%220%22%2F%3E%3C%2Fsvg%3E\" data-srcset=\"https:\/\/kulturbau.ch\/ws19\/wp-content\/uploads\/2022\/01\/boem20-200x133.jpg 200w, https:\/\/kulturbau.ch\/ws19\/wp-content\/uploads\/2022\/01\/boem20-400x267.jpg 400w, https:\/\/kulturbau.ch\/ws19\/wp-content\/uploads\/2022\/01\/boem20-600x400.jpg 600w, https:\/\/kulturbau.ch\/ws19\/wp-content\/uploads\/2022\/01\/boem20-800x533.jpg 800w, https:\/\/kulturbau.ch\/ws19\/wp-content\/uploads\/2022\/01\/boem20-1200x800.jpg 1200w\" data-sizes=\"auto\" data-orig-sizes=\"(max-width: 800px) 100vw, 1024px\" \/><\/span><\/div><div class=\"fusion-clearfix\"><\/div><\/div><\/div><\/div><\/div>\n","protected":false},"excerpt":{"rendered":"","protected":false},"author":2,"featured_media":0,"parent":0,"menu_order":0,"comment_status":"closed","ping_status":"closed","template":"","meta":{"footnotes":""},"class_list":["post-769","page","type-page","status-publish","hentry"],"yoast_head":"<!-- This site is optimized with the Yoast SEO plugin v27.5 - https:\/\/yoast.com\/product\/yoast-seo-wordpress\/ -->\n<title>Offene B\u00fchnen - Kulturbau GmbH<\/title>\n<meta name=\"description\" content=\"Offene B\u00fchnen - Open Stage - mit Dominic Deville: B\u00f6ser Montag im Theater am Hechtplatz und die Versuchung im Casinotheater Winterthur\" \/>\n<meta name=\"robots\" content=\"index, follow, max-snippet:-1, max-image-preview:large, max-video-preview:-1\" \/>\n<link rel=\"canonical\" href=\"https:\/\/kulturbau.ch\/ws19\/offene-buehnen\/\" \/>\n<meta property=\"og:locale\" content=\"de_DE\" \/>\n<meta property=\"og:type\" content=\"article\" \/>\n<meta property=\"og:title\" content=\"Offene B\u00fchnen - Kulturbau GmbH\" \/>\n<meta property=\"og:description\" content=\"Offene B\u00fchnen - Open Stage - mit Dominic Deville: B\u00f6ser Montag im Theater am Hechtplatz und die Versuchung im Casinotheater Winterthur\" \/>\n<meta property=\"og:url\" content=\"https:\/\/kulturbau.ch\/ws19\/offene-buehnen\/\" \/>\n<meta property=\"og:site_name\" content=\"Kulturbau GmbH\" \/>\n<meta property=\"article:publisher\" content=\"https:\/\/www.facebook.com\/kulturbau\" \/>\n<meta property=\"article:modified_time\" content=\"2022-08-29T06:43:32+00:00\" \/>\n<meta name=\"twitter:card\" content=\"summary_large_image\" \/>\n<meta name=\"twitter:label1\" content=\"Gesch\u00e4tzte Lesezeit\" \/>\n\t<meta name=\"twitter:data1\" content=\"3\u00a0Minuten\" \/>\n<script type=\"application\/ld+json\" class=\"yoast-schema-graph\">{\"@context\":\"https:\\\/\\\/schema.org\",\"@graph\":[{\"@type\":\"WebPage\",\"@id\":\"https:\\\/\\\/kulturbau.ch\\\/ws19\\\/offene-buehnen\\\/\",\"url\":\"https:\\\/\\\/kulturbau.ch\\\/ws19\\\/offene-buehnen\\\/\",\"name\":\"Offene B\u00fchnen - Kulturbau GmbH\",\"isPartOf\":{\"@id\":\"https:\\\/\\\/kulturbau.ch\\\/ws19\\\/#website\"},\"datePublished\":\"2019-09-04T09:41:45+00:00\",\"dateModified\":\"2022-08-29T06:43:32+00:00\",\"description\":\"Offene B\u00fchnen - Open Stage - mit Dominic Deville: B\u00f6ser Montag im Theater am Hechtplatz und die Versuchung im Casinotheater Winterthur\",\"breadcrumb\":{\"@id\":\"https:\\\/\\\/kulturbau.ch\\\/ws19\\\/offene-buehnen\\\/#breadcrumb\"},\"inLanguage\":\"de-CH\",\"potentialAction\":[{\"@type\":\"ReadAction\",\"target\":[\"https:\\\/\\\/kulturbau.ch\\\/ws19\\\/offene-buehnen\\\/\"]}]},{\"@type\":\"BreadcrumbList\",\"@id\":\"https:\\\/\\\/kulturbau.ch\\\/ws19\\\/offene-buehnen\\\/#breadcrumb\",\"itemListElement\":[{\"@type\":\"ListItem\",\"position\":1,\"name\":\"Home\",\"item\":\"https:\\\/\\\/kulturbau.ch\\\/ws19\\\/\"},{\"@type\":\"ListItem\",\"position\":2,\"name\":\"Offene B\u00fchnen\"}]},{\"@type\":\"WebSite\",\"@id\":\"https:\\\/\\\/kulturbau.ch\\\/ws19\\\/#website\",\"url\":\"https:\\\/\\\/kulturbau.ch\\\/ws19\\\/\",\"name\":\"Kulturbau GmbH\",\"description\":\"K\u00fcnstlervermittlung &amp; Kulturproduktionen\",\"publisher\":{\"@id\":\"https:\\\/\\\/kulturbau.ch\\\/ws19\\\/#organization\"},\"potentialAction\":[{\"@type\":\"SearchAction\",\"target\":{\"@type\":\"EntryPoint\",\"urlTemplate\":\"https:\\\/\\\/kulturbau.ch\\\/ws19\\\/?s={search_term_string}\"},\"query-input\":{\"@type\":\"PropertyValueSpecification\",\"valueRequired\":true,\"valueName\":\"search_term_string\"}}],\"inLanguage\":\"de-CH\"},{\"@type\":\"Organization\",\"@id\":\"https:\\\/\\\/kulturbau.ch\\\/ws19\\\/#organization\",\"name\":\"Kulturbau GmbH\",\"url\":\"https:\\\/\\\/kulturbau.ch\\\/ws19\\\/\",\"logo\":{\"@type\":\"ImageObject\",\"inLanguage\":\"de-CH\",\"@id\":\"https:\\\/\\\/kulturbau.ch\\\/ws19\\\/#\\\/schema\\\/logo\\\/image\\\/\",\"url\":\"https:\\\/\\\/kulturbau.ch\\\/ws19\\\/wp-content\\\/uploads\\\/2019\\\/07\\\/kulturbau_logo.gif\",\"contentUrl\":\"https:\\\/\\\/kulturbau.ch\\\/ws19\\\/wp-content\\\/uploads\\\/2019\\\/07\\\/kulturbau_logo.gif\",\"width\":313,\"height\":58,\"caption\":\"Kulturbau GmbH\"},\"image\":{\"@id\":\"https:\\\/\\\/kulturbau.ch\\\/ws19\\\/#\\\/schema\\\/logo\\\/image\\\/\"},\"sameAs\":[\"https:\\\/\\\/www.facebook.com\\\/kulturbau\",\"https:\\\/\\\/www.instagram.com\\\/kulturbau_agentur\\\/\"]}]}<\/script>\n<!-- \/ Yoast SEO plugin. -->","yoast_head_json":{"title":"Offene B\u00fchnen - Kulturbau GmbH","description":"Offene B\u00fchnen - Open Stage - mit Dominic Deville: B\u00f6ser Montag im Theater am Hechtplatz und die Versuchung im Casinotheater Winterthur","robots":{"index":"index","follow":"follow","max-snippet":"max-snippet:-1","max-image-preview":"max-image-preview:large","max-video-preview":"max-video-preview:-1"},"canonical":"https:\/\/kulturbau.ch\/ws19\/offene-buehnen\/","og_locale":"de_DE","og_type":"article","og_title":"Offene B\u00fchnen - Kulturbau GmbH","og_description":"Offene B\u00fchnen - Open Stage - mit Dominic Deville: B\u00f6ser Montag im Theater am Hechtplatz und die Versuchung im Casinotheater Winterthur","og_url":"https:\/\/kulturbau.ch\/ws19\/offene-buehnen\/","og_site_name":"Kulturbau GmbH","article_publisher":"https:\/\/www.facebook.com\/kulturbau","article_modified_time":"2022-08-29T06:43:32+00:00","twitter_card":"summary_large_image","twitter_misc":{"Gesch\u00e4tzte Lesezeit":"3\u00a0Minuten"},"schema":{"@context":"https:\/\/schema.org","@graph":[{"@type":"WebPage","@id":"https:\/\/kulturbau.ch\/ws19\/offene-buehnen\/","url":"https:\/\/kulturbau.ch\/ws19\/offene-buehnen\/","name":"Offene B\u00fchnen - Kulturbau GmbH","isPartOf":{"@id":"https:\/\/kulturbau.ch\/ws19\/#website"},"datePublished":"2019-09-04T09:41:45+00:00","dateModified":"2022-08-29T06:43:32+00:00","description":"Offene B\u00fchnen - Open Stage - mit Dominic Deville: B\u00f6ser Montag im Theater am Hechtplatz und die Versuchung im Casinotheater Winterthur","breadcrumb":{"@id":"https:\/\/kulturbau.ch\/ws19\/offene-buehnen\/#breadcrumb"},"inLanguage":"de-CH","potentialAction":[{"@type":"ReadAction","target":["https:\/\/kulturbau.ch\/ws19\/offene-buehnen\/"]}]},{"@type":"BreadcrumbList","@id":"https:\/\/kulturbau.ch\/ws19\/offene-buehnen\/#breadcrumb","itemListElement":[{"@type":"ListItem","position":1,"name":"Home","item":"https:\/\/kulturbau.ch\/ws19\/"},{"@type":"ListItem","position":2,"name":"Offene B\u00fchnen"}]},{"@type":"WebSite","@id":"https:\/\/kulturbau.ch\/ws19\/#website","url":"https:\/\/kulturbau.ch\/ws19\/","name":"Kulturbau GmbH","description":"K\u00fcnstlervermittlung &amp; Kulturproduktionen","publisher":{"@id":"https:\/\/kulturbau.ch\/ws19\/#organization"},"potentialAction":[{"@type":"SearchAction","target":{"@type":"EntryPoint","urlTemplate":"https:\/\/kulturbau.ch\/ws19\/?s={search_term_string}"},"query-input":{"@type":"PropertyValueSpecification","valueRequired":true,"valueName":"search_term_string"}}],"inLanguage":"de-CH"},{"@type":"Organization","@id":"https:\/\/kulturbau.ch\/ws19\/#organization","name":"Kulturbau GmbH","url":"https:\/\/kulturbau.ch\/ws19\/","logo":{"@type":"ImageObject","inLanguage":"de-CH","@id":"https:\/\/kulturbau.ch\/ws19\/#\/schema\/logo\/image\/","url":"https:\/\/kulturbau.ch\/ws19\/wp-content\/uploads\/2019\/07\/kulturbau_logo.gif","contentUrl":"https:\/\/kulturbau.ch\/ws19\/wp-content\/uploads\/2019\/07\/kulturbau_logo.gif","width":313,"height":58,"caption":"Kulturbau GmbH"},"image":{"@id":"https:\/\/kulturbau.ch\/ws19\/#\/schema\/logo\/image\/"},"sameAs":["https:\/\/www.facebook.com\/kulturbau","https:\/\/www.instagram.com\/kulturbau_agentur\/"]}]}},"_links":{"self":[{"href":"https:\/\/kulturbau.ch\/ws19\/wp-json\/wp\/v2\/pages\/769","targetHints":{"allow":["GET"]}}],"collection":[{"href":"https:\/\/kulturbau.ch\/ws19\/wp-json\/wp\/v2\/pages"}],"about":[{"href":"https:\/\/kulturbau.ch\/ws19\/wp-json\/wp\/v2\/types\/page"}],"author":[{"embeddable":true,"href":"https:\/\/kulturbau.ch\/ws19\/wp-json\/wp\/v2\/users\/2"}],"replies":[{"embeddable":true,"href":"https:\/\/kulturbau.ch\/ws19\/wp-json\/wp\/v2\/comments?post=769"}],"version-history":[{"count":43,"href":"https:\/\/kulturbau.ch\/ws19\/wp-json\/wp\/v2\/pages\/769\/revisions"}],"predecessor-version":[{"id":6014,"href":"https:\/\/kulturbau.ch\/ws19\/wp-json\/wp\/v2\/pages\/769\/revisions\/6014"}],"wp:attachment":[{"href":"https:\/\/kulturbau.ch\/ws19\/wp-json\/wp\/v2\/media?parent=769"}],"curies":[{"name":"wp","href":"https:\/\/api.w.org\/{rel}","templated":true}]}}