{"id":733,"date":"2019-07-26T20:25:56","date_gmt":"2019-07-26T18:25:56","guid":{"rendered":"https:\/\/kulturbau.ch\/ws19\/?page_id=733"},"modified":"2023-10-24T10:58:19","modified_gmt":"2023-10-24T08:58:19","slug":"dr-walter-b-gruenspan","status":"publish","type":"page","link":"https:\/\/kulturbau.ch\/ws19\/dr-walter-b-gruenspan\/","title":{"rendered":"Dr. Walter B. Gr\u00fcnspan"},"content":{"rendered":"<div class=\"fusion-fullwidth fullwidth-box fusion-builder-row-1 nonhundred-percent-fullwidth non-hundred-percent-height-scrolling gradient-container-1\" style=\"--awb-border-radius-top-left:0px;--awb-border-radius-top-right:0px;--awb-border-radius-bottom-right:0px;--awb-border-radius-bottom-left:0px;--awb-flex-wrap:wrap;\" ><div class=\"fusion-builder-row fusion-row\"><div class=\"fusion-layout-column fusion_builder_column fusion-builder-column-0 fusion_builder_column_4_5 4_5 fusion-four-fifth fusion-column-first\" style=\"--awb-bg-size:cover;--awb-margin-top:0px;width:80%;width:calc(80% - ( ( 4% ) * 0.8 ) );margin-right: 4%;\"><div class=\"fusion-column-wrapper fusion-column-has-shadow fusion-flex-column-wrapper-legacy\"><div class=\"fusion-text fusion-text-1\"><h1 data-fontsize=\"37\" data-lineheight=\"44px\" class=\"fusion-responsive-typography-calculated\" style=\"--fontSize: 37; line-height: 1.19;\"><span class=\"Stil20\"><span class=\"Stil14\" data-fusion-font=\"true\" style=\"font-size: 40px;\">Dr. Walter B. Gr\u00fcnspan<\/span><\/span><\/h1>\n<h2 data-fontsize=\"28\" data-lineheight=\"33px\" class=\"fusion-responsive-typography-calculated\" style=\"--fontSize: 28; line-height: 1.18;\"><span style=\"font-weight: normal;\"><span class=\"Stil20\"><span class=\"Stil14\">moderiert, referiert und res\u00fcmiert<\/span>&#8230;<\/span><br \/>\nmit Matthias Kunz<\/span><\/h2>\n<p><strong><span class=\"Stil1\"><span class=\"Stil20\">Gastredner f\u00fcr jeden Anlass.<br \/>\nDer schusselige Beamte findet immer die passenden Unworte und w\u00f6rtliche Vieldeutigkeiten&#8230;<\/span><\/span><\/strong><\/p>\n<p>Dr. Walter B. Gr\u00fcnspan\u00bb amtet als delegierter Redner aus Bundesbern f\u00fcr Anl\u00e4sse unterschiedlichster Art. Dabei liefert er massgeschneiderte Fachreferate, satirische Politbetrachtungen und kabarettistische Zusammenfassungen.<\/p>\n<p>Dank profunder Recherche offenbart sich \u00abDr. Gr\u00fcnspan\u00bb als wahrer Kenner der Materie und findet in seinen Reden spielend passende Unworte und entsprechende Vieldeutigkeiten. Der Bundesbeamte verkn\u00fcpft geschickt politische Aktualit\u00e4ten \u2013 wenn gew\u00fcnscht in allen Landessprachen \u2013 mit der Thematik des Anlasses. Seine ad hoc protokollierten Zusammenfassungen sind legend\u00e4r. Als Schlusspunkt schafft er satirische Bez\u00fcge, wo sie nicht vermutet werden. Er greift Versprecher und Versprechen seiner Vorredner schonungslos auf, entsch\u00e4rft mit feinen Pointen rhetorische Blindg\u00e4nger und beleuchtet sprachgewaltige Rohrkrepierer.<\/p>\n<p>Selbstredend bespricht Dr. Gr\u00fcnspan Kulturveranstaltungen mit Beamtenkabarett, er\u00f6ffnet als Festredner wortreich \u00f6ffentliche Pl\u00e4tze, moderiert neue Unternehmensphilosophien und setzt an Hundsverlocheten rhetorische Glanzpunkte. Kurz: Der Mann ist ein einziges grosses Versprechen.<\/p>\n<p><a href=\"https:\/\/kulturbau.ch\/medien-center\/WBGruenspan\/WBGruenspan_doku.pdf\" target=\"_blank\" rel=\"noopener noreferrer\">\u2192 Dokumentation Dr. Walter B. Gr\u00fcnspan (pdf)<\/a><\/p>\n<\/div><div class=\"fusion-video fusion-youtube\" style=\"--awb-max-width:600px;--awb-max-height:360px;\"><div class=\"video-shortcode\"><lite-youtube videoid=\"221-oEsmK8o\" class=\"landscape\" params=\"wmode=transparent&autoplay=1&amp;enablejsapi=1\" title=\"YouTube video player 1\" data-button-label=\"Play Video\" width=\"600\" height=\"360\" data-thumbnail-size=\"auto\" data-no-cookie=\"on\"><\/lite-youtube><\/div><\/div><div class=\"elegant-empty-space space-vertical fusion-clearfix \" style=\"height:26px;\"><\/div><div class=\"fusion-video fusion-vimeo fusion-alignleft\" style=\"--awb-max-width:600px;--awb-max-height:338px;--awb-width:100%;\"><div class=\"video-shortcode\"><lite-vimeo videoid=\"139318068\" class=\"landscape\" params=\"autoplay=1autoplay=0&amp;autopause=0\" title=\"Vimeo video player 1\" data-button-label=\"Play Video\"  width=\"600\" height=\"338\"><\/lite-vimeo><\/div><\/div><div class=\"elegant-empty-space space-vertical fusion-clearfix \" style=\"height:26px;\"><\/div><div class=\"fusion-text fusion-text-2\"><h1><\/h1>\n<\/p>\n<h2><\/h2>\n<h2><\/h2>\n<h2><\/h2>\n<h2><\/h2>\n<h2>Medienspiegel<\/h2>\n<p><span class=\"Stil1\"><em>\u00abDr. Gr\u00fcnspan bringt komplizierteste Sachverhalte auf den etwas anderen Punkt. Schwierigen Themen weicht er nicht aus, er meistert sie mit Humor. Dabei sucht er nie die einfachen Lacher. Seine Inhalte zeichnen sich durch eine enorme Dichte aus. Die Zusammenfassungen am Ende des Tages sind absolute H\u00f6hepunkte und geniessen bei unserem Publikum Kultstatus. Seine Grussbotschaften mit politischen Seitenhieben und Aktualit\u00e4ten sind eine willkommene Erg\u00e4nzung an unserem Anlass. Die sprachliche Kompetenz ist einzigartig.\u00bb (Daniel Wermelinger \u2013 Gesch\u00e4ftsf\u00fchrer Solodaris Stiftung Solothurn)<\/em><\/span><\/p>\n<p><span class=\"Stil1\"><strong><br \/><\/strong><\/span><\/p>\n<h2><span class=\"Stil1\"><strong>Bio Matthias Kunz<\/strong><\/span><\/h2>\n<p><span class=\"Stil1\">ist im Oberaargau aufgewachsen und lebt heute als Schauspieler, Schreiber und Regisseur in Bern. Zusammen mit Rhaban Straumann bildet er seit 2006 das Duo <a href=\"https:\/\/kulturbau.ch\/ws19\/strohmann-kauz\/\" target=\"_blank\" rel=\"noopener noreferrer\">Strohmann-Kauz.<\/a><\/span><\/p>\n<\/p>\n<h2><span class=\"contact-info\">REFERENZEN<\/span><\/h2>\n<p>SBB<br \/><span style=\"color: var(--body_typography-color); font-family: var(--body_typography-font-family); font-size: var(--body_typography-font-size); font-style: var(--body_typography-font-style,normal); letter-spacing: var(--body_typography-letter-spacing);\">Eidg. Steuerverwaltung ESTV<\/span><br \/>\nKanton Bern<br \/>\nBDO Luzern<br \/>\nSchweizerische Nationalbank<br \/>\nZ\u00fcrcher Kantonalbank ZKB<br \/>\nOltner Kabarett-Tage<br \/>\nT-Systems Schweiz AG<br \/>\nDie Schweizerische Post<br \/>\nHandels- und Industrieverein des Kantons Bern<br \/>\nSoloth. Geb\u00e4udeversicherung<br \/>\nZ\u00fcrcher Kantonalbank ZKB<br \/>\nClientis Bank<br \/>\nAlptransit Schweiz<br \/>\nQuickline<br \/>\nSwissgrid<br \/>\nEspace Media<br \/>\nRAV Winterthur<br \/>\nu.v.m.<\/p><\/p>\n<\/div><div class=\"fusion-video fusion-vimeo\" style=\"--awb-max-width:600px;--awb-max-height:338px;\"><div class=\"video-shortcode\"><lite-vimeo videoid=\"75561916\" class=\"landscape\" params=\"autoplay=1autoplay=0&amp;autopause=0\" title=\"Vimeo video player 2\" data-button-label=\"Play Video\"  width=\"600\" height=\"338\"><\/lite-vimeo><\/div><\/div><div class=\"fusion-clearfix\"><\/div><\/div><\/div><div class=\"fusion-layout-column fusion_builder_column fusion-builder-column-1 fusion_builder_column_1_5 1_5 fusion-one-fifth fusion-column-last\" style=\"--awb-padding-bottom:5%;--awb-bg-size:cover;--awb-margin-bottom:5px;width:20%;width:calc(20% - ( ( 4% ) * 0.2 ) );\"><div class=\"fusion-column-wrapper fusion-column-has-shadow fusion-flex-column-wrapper-legacy\"><div class=\"fusion-image-element in-legacy-container\" style=\"--awb-liftup-border-radius:0px;--awb-caption-title-font-family:var(--h2_typography-font-family);--awb-caption-title-font-weight:var(--h2_typography-font-weight);--awb-caption-title-font-style:var(--h2_typography-font-style);--awb-caption-title-size:var(--h2_typography-font-size);--awb-caption-title-transform:var(--h2_typography-text-transform);--awb-caption-title-line-height:var(--h2_typography-line-height);--awb-caption-title-letter-spacing:var(--h2_typography-letter-spacing);\"><div class=\"awb-image-frame awb-image-frame-1 imageframe-liftup\"><span class=\" fusion-imageframe imageframe-dropshadow imageframe-1\" style=\"-webkit-box-shadow: 3px 3px 7px rgba(0,0,0,0.3);box-shadow: 3px 3px 7px rgba(0,0,0,0.3);\"><a href=\"https:\/\/kulturbau.ch\/ws19\/wp-content\/uploads\/2019\/07\/Plakat_SK_SL_.jpg\" class=\"fusion-lightbox\" data-rel=\"iLightbox[413eff552c4a5146595]\" data-caption=\"\" title=\"Banner_gruenspan\"><img fetchpriority=\"high\" decoding=\"async\" fetchpriority=\"high\" width=\"200\" height=\"280\" alt=\"Strohmann-Kauz\" src=\"data:image\/svg+xml,%3Csvg%20xmlns%3D%27http%3A%2F%2Fwww.w3.org%2F2000%2Fsvg%27%20width%3D%27200%27%20height%3D%27280%27%20viewBox%3D%270%200%20200%20280%27%3E%3Crect%20width%3D%27200%27%20height%3D%27280%27%20fill-opacity%3D%220%22%2F%3E%3C%2Fsvg%3E\" data-orig-src=\"https:\/\/kulturbau.ch\/ws19\/wp-content\/uploads\/2019\/07\/Banner_gruenspan.jpg\" class=\"lazyload img-responsive wp-image-734\"\/><\/a><\/span><\/div><\/div><div class=\"fusion-text fusion-text-3\"><p><span style=\"color: #ffffff;\">.<\/span><\/p>\n<\/div><div class=\"elegant-empty-space space-vertical fusion-clearfix \" style=\"height:15px;\"><\/div><div class=\"elegant-fancy-button-wrapper elegant-align-center\"><style type=\"text\/css\">.elegant-fancy-button-wrap.elegant-fancy-button-1 .elegant-fancy-button-link { color:#ff9800 !important;--color:#ff9800 !important; border-color:#ff9800;--border-color:#000099}.elegant-fancy-button-wrap.elegant-fancy-button-1 .elegant-fancy-button-link:hover { color:#ff9800 !important;}.elegant-fancy-button-wrap.elegant-fancy-button-1 .elegant-fancy-button-link.elegant-button-collision:before, .elegant-fancy-button-wrap.elegant-fancy-button-1 .elegant-fancy-button-link.elegant-button-collision:after{ background-color:#000099;}<\/style><div class=\"elegant-fancy-button-wrap elegant-fancy-button-1\"><a class=\"elegant-fancy-button-link elegant-button-collision elegant-button-square button-xlarge elegant-fancy-button-icon-left\" style=\"font-family: &#039;Open Sans&#039; ;font-weight: 600;font-size:18px;line-height: 1em;\" href=\"https:\/\/www.waltergruenspan.ch\" target=\"_blank\"><i class=\"fa-house-user fas\"><\/i>Homepage <\/a><\/div><\/div><div class=\"fusion-text fusion-text-4\"><p><span style=\"color: #ffffff;\">.<\/span><\/p>\n<\/div><div class=\"elegant-cards \" style=\"border-radius:  ;\"><div class=\"elegant-cards-description-wrapper elegant-align-left\" style=\"background-color:rgba(0,0,153,0.1);border-color:#dddddd;border-top-style: solid;border-top-width: 1px;\"><h2 class=\"elegant-cards-title\" style=\"font-family: &#039;Open Sans&#039; ;font-weight: 600;font-size:20px;\">KONTAKT &amp; VERMITTLUNG<\/h2><p class=\"elegant-cards-description\" style=\"font-family: &#039;Open Sans&#039; ;font-weight: 300;font-size:12px;color:#000000;\">David Baumgartner<br \/>\nKulturbau GmbH<br \/>\nHopfenstrasse 3<br \/>\nCH-8400 Winterthur<br \/>\n---<br \/>\n079 600 79 26<br \/>\n<\/p><div class=\"fusion-button-wrapper\"><a class=\"fusion-button button-flat button-small button-custom fusion-button-default button-1 fusion-button-default-span fusion-button-default-type\" style=\"--button_accent_color:#000099;--button_accent_hover_color:#ff9800;--button_border_hover_color:#ffffff;--button_gradient_top_color:#ff9800;--button_gradient_bottom_color:#ff9800;--button_gradient_top_color_hover:#000099;--button_gradient_bottom_color_hover:#000099;\" target=\"_self\" href=\"mailto:info@kulturbau.ch\"><i class=\"fa-at fas awb-button__icon awb-button__icon--default button-icon-left\" aria-hidden=\"true\"><\/i><span class=\"fusion-button-text awb-button__text awb-button__text--default\">Mail<\/span><\/a><\/div><\/div><\/div><div class=\"fusion-clearfix\"><\/div><\/div><\/div><\/div><\/div>\n","protected":false},"excerpt":{"rendered":"","protected":false},"author":2,"featured_media":0,"parent":0,"menu_order":0,"comment_status":"closed","ping_status":"closed","template":"","meta":{"footnotes":""},"class_list":["post-733","page","type-page","status-publish","hentry"],"yoast_head":"<!-- This site is optimized with the Yoast SEO plugin v27.1.1 - https:\/\/yoast.com\/product\/yoast-seo-wordpress\/ -->\n<title>Dr. Walter B. Gr\u00fcnspan - Kulturbau GmbH<\/title>\n<meta name=\"description\" content=\"Dr. Walter B. Gr\u00fcnspan (alias Matthias Kunz) moderiert, referiert und res\u00fcmiert\u2026Gastredner f\u00fcr jeden Anlass.\" \/>\n<meta name=\"robots\" content=\"index, follow, max-snippet:-1, max-image-preview:large, max-video-preview:-1\" \/>\n<link rel=\"canonical\" href=\"https:\/\/kulturbau.ch\/ws19\/dr-walter-b-gruenspan\/\" \/>\n<meta property=\"og:locale\" content=\"de_DE\" \/>\n<meta property=\"og:type\" content=\"article\" \/>\n<meta property=\"og:title\" content=\"Dr. Walter B. Gr\u00fcnspan - Kulturbau GmbH\" \/>\n<meta property=\"og:description\" content=\"Dr. Walter B. Gr\u00fcnspan (alias Matthias Kunz) moderiert, referiert und res\u00fcmiert\u2026Gastredner f\u00fcr jeden Anlass.\" \/>\n<meta property=\"og:url\" content=\"https:\/\/kulturbau.ch\/ws19\/dr-walter-b-gruenspan\/\" \/>\n<meta property=\"og:site_name\" content=\"Kulturbau GmbH\" \/>\n<meta property=\"article:publisher\" content=\"https:\/\/www.facebook.com\/kulturbau\" \/>\n<meta property=\"article:modified_time\" content=\"2023-10-24T08:58:19+00:00\" \/>\n<meta name=\"twitter:card\" content=\"summary_large_image\" \/>\n<meta name=\"twitter:label1\" content=\"Gesch\u00e4tzte Lesezeit\" \/>\n\t<meta name=\"twitter:data1\" content=\"5\u00a0Minuten\" \/>\n<script type=\"application\/ld+json\" class=\"yoast-schema-graph\">{\"@context\":\"https:\/\/schema.org\",\"@graph\":[{\"@type\":\"WebPage\",\"@id\":\"https:\/\/kulturbau.ch\/ws19\/dr-walter-b-gruenspan\/\",\"url\":\"https:\/\/kulturbau.ch\/ws19\/dr-walter-b-gruenspan\/\",\"name\":\"Dr. Walter B. Gr\u00fcnspan - Kulturbau GmbH\",\"isPartOf\":{\"@id\":\"https:\/\/kulturbau.ch\/ws19\/#website\"},\"datePublished\":\"2019-07-26T18:25:56+00:00\",\"dateModified\":\"2023-10-24T08:58:19+00:00\",\"description\":\"Dr. Walter B. Gr\u00fcnspan (alias Matthias Kunz) moderiert, referiert und res\u00fcmiert\u2026Gastredner f\u00fcr jeden Anlass.\",\"breadcrumb\":{\"@id\":\"https:\/\/kulturbau.ch\/ws19\/dr-walter-b-gruenspan\/#breadcrumb\"},\"inLanguage\":\"de-CH\",\"potentialAction\":[{\"@type\":\"ReadAction\",\"target\":[\"https:\/\/kulturbau.ch\/ws19\/dr-walter-b-gruenspan\/\"]}]},{\"@type\":\"BreadcrumbList\",\"@id\":\"https:\/\/kulturbau.ch\/ws19\/dr-walter-b-gruenspan\/#breadcrumb\",\"itemListElement\":[{\"@type\":\"ListItem\",\"position\":1,\"name\":\"Home\",\"item\":\"https:\/\/kulturbau.ch\/ws19\/\"},{\"@type\":\"ListItem\",\"position\":2,\"name\":\"Dr. Walter B. Gr\u00fcnspan\"}]},{\"@type\":\"WebSite\",\"@id\":\"https:\/\/kulturbau.ch\/ws19\/#website\",\"url\":\"https:\/\/kulturbau.ch\/ws19\/\",\"name\":\"Kulturbau GmbH\",\"description\":\"K\u00fcnstlervermittlung &amp; Kulturproduktionen\",\"publisher\":{\"@id\":\"https:\/\/kulturbau.ch\/ws19\/#organization\"},\"potentialAction\":[{\"@type\":\"SearchAction\",\"target\":{\"@type\":\"EntryPoint\",\"urlTemplate\":\"https:\/\/kulturbau.ch\/ws19\/?s={search_term_string}\"},\"query-input\":{\"@type\":\"PropertyValueSpecification\",\"valueRequired\":true,\"valueName\":\"search_term_string\"}}],\"inLanguage\":\"de-CH\"},{\"@type\":\"Organization\",\"@id\":\"https:\/\/kulturbau.ch\/ws19\/#organization\",\"name\":\"Kulturbau GmbH\",\"url\":\"https:\/\/kulturbau.ch\/ws19\/\",\"logo\":{\"@type\":\"ImageObject\",\"inLanguage\":\"de-CH\",\"@id\":\"https:\/\/kulturbau.ch\/ws19\/#\/schema\/logo\/image\/\",\"url\":\"https:\/\/kulturbau.ch\/ws19\/wp-content\/uploads\/2019\/07\/kulturbau_logo.gif\",\"contentUrl\":\"https:\/\/kulturbau.ch\/ws19\/wp-content\/uploads\/2019\/07\/kulturbau_logo.gif\",\"width\":313,\"height\":58,\"caption\":\"Kulturbau GmbH\"},\"image\":{\"@id\":\"https:\/\/kulturbau.ch\/ws19\/#\/schema\/logo\/image\/\"},\"sameAs\":[\"https:\/\/www.facebook.com\/kulturbau\",\"https:\/\/www.instagram.com\/kulturbau_agentur\/\"]}]}<\/script>\n<!-- \/ Yoast SEO plugin. -->","yoast_head_json":{"title":"Dr. Walter B. Gr\u00fcnspan - Kulturbau GmbH","description":"Dr. Walter B. Gr\u00fcnspan (alias Matthias Kunz) moderiert, referiert und res\u00fcmiert\u2026Gastredner f\u00fcr jeden Anlass.","robots":{"index":"index","follow":"follow","max-snippet":"max-snippet:-1","max-image-preview":"max-image-preview:large","max-video-preview":"max-video-preview:-1"},"canonical":"https:\/\/kulturbau.ch\/ws19\/dr-walter-b-gruenspan\/","og_locale":"de_DE","og_type":"article","og_title":"Dr. Walter B. Gr\u00fcnspan - Kulturbau GmbH","og_description":"Dr. Walter B. Gr\u00fcnspan (alias Matthias Kunz) moderiert, referiert und res\u00fcmiert\u2026Gastredner f\u00fcr jeden Anlass.","og_url":"https:\/\/kulturbau.ch\/ws19\/dr-walter-b-gruenspan\/","og_site_name":"Kulturbau GmbH","article_publisher":"https:\/\/www.facebook.com\/kulturbau","article_modified_time":"2023-10-24T08:58:19+00:00","twitter_card":"summary_large_image","twitter_misc":{"Gesch\u00e4tzte Lesezeit":"5\u00a0Minuten"},"schema":{"@context":"https:\/\/schema.org","@graph":[{"@type":"WebPage","@id":"https:\/\/kulturbau.ch\/ws19\/dr-walter-b-gruenspan\/","url":"https:\/\/kulturbau.ch\/ws19\/dr-walter-b-gruenspan\/","name":"Dr. Walter B. Gr\u00fcnspan - Kulturbau GmbH","isPartOf":{"@id":"https:\/\/kulturbau.ch\/ws19\/#website"},"datePublished":"2019-07-26T18:25:56+00:00","dateModified":"2023-10-24T08:58:19+00:00","description":"Dr. Walter B. Gr\u00fcnspan (alias Matthias Kunz) moderiert, referiert und res\u00fcmiert\u2026Gastredner f\u00fcr jeden Anlass.","breadcrumb":{"@id":"https:\/\/kulturbau.ch\/ws19\/dr-walter-b-gruenspan\/#breadcrumb"},"inLanguage":"de-CH","potentialAction":[{"@type":"ReadAction","target":["https:\/\/kulturbau.ch\/ws19\/dr-walter-b-gruenspan\/"]}]},{"@type":"BreadcrumbList","@id":"https:\/\/kulturbau.ch\/ws19\/dr-walter-b-gruenspan\/#breadcrumb","itemListElement":[{"@type":"ListItem","position":1,"name":"Home","item":"https:\/\/kulturbau.ch\/ws19\/"},{"@type":"ListItem","position":2,"name":"Dr. Walter B. Gr\u00fcnspan"}]},{"@type":"WebSite","@id":"https:\/\/kulturbau.ch\/ws19\/#website","url":"https:\/\/kulturbau.ch\/ws19\/","name":"Kulturbau GmbH","description":"K\u00fcnstlervermittlung &amp; Kulturproduktionen","publisher":{"@id":"https:\/\/kulturbau.ch\/ws19\/#organization"},"potentialAction":[{"@type":"SearchAction","target":{"@type":"EntryPoint","urlTemplate":"https:\/\/kulturbau.ch\/ws19\/?s={search_term_string}"},"query-input":{"@type":"PropertyValueSpecification","valueRequired":true,"valueName":"search_term_string"}}],"inLanguage":"de-CH"},{"@type":"Organization","@id":"https:\/\/kulturbau.ch\/ws19\/#organization","name":"Kulturbau GmbH","url":"https:\/\/kulturbau.ch\/ws19\/","logo":{"@type":"ImageObject","inLanguage":"de-CH","@id":"https:\/\/kulturbau.ch\/ws19\/#\/schema\/logo\/image\/","url":"https:\/\/kulturbau.ch\/ws19\/wp-content\/uploads\/2019\/07\/kulturbau_logo.gif","contentUrl":"https:\/\/kulturbau.ch\/ws19\/wp-content\/uploads\/2019\/07\/kulturbau_logo.gif","width":313,"height":58,"caption":"Kulturbau GmbH"},"image":{"@id":"https:\/\/kulturbau.ch\/ws19\/#\/schema\/logo\/image\/"},"sameAs":["https:\/\/www.facebook.com\/kulturbau","https:\/\/www.instagram.com\/kulturbau_agentur\/"]}]}},"_links":{"self":[{"href":"https:\/\/kulturbau.ch\/ws19\/wp-json\/wp\/v2\/pages\/733","targetHints":{"allow":["GET"]}}],"collection":[{"href":"https:\/\/kulturbau.ch\/ws19\/wp-json\/wp\/v2\/pages"}],"about":[{"href":"https:\/\/kulturbau.ch\/ws19\/wp-json\/wp\/v2\/types\/page"}],"author":[{"embeddable":true,"href":"https:\/\/kulturbau.ch\/ws19\/wp-json\/wp\/v2\/users\/2"}],"replies":[{"embeddable":true,"href":"https:\/\/kulturbau.ch\/ws19\/wp-json\/wp\/v2\/comments?post=733"}],"version-history":[{"count":27,"href":"https:\/\/kulturbau.ch\/ws19\/wp-json\/wp\/v2\/pages\/733\/revisions"}],"predecessor-version":[{"id":6714,"href":"https:\/\/kulturbau.ch\/ws19\/wp-json\/wp\/v2\/pages\/733\/revisions\/6714"}],"wp:attachment":[{"href":"https:\/\/kulturbau.ch\/ws19\/wp-json\/wp\/v2\/media?parent=733"}],"curies":[{"name":"wp","href":"https:\/\/api.w.org\/{rel}","templated":true}]}}