{"id":5543,"date":"2022-02-07T10:00:48","date_gmt":"2022-02-07T09:00:48","guid":{"rendered":"https:\/\/kulturbau.ch\/ws19\/?page_id=5543"},"modified":"2024-07-23T14:35:30","modified_gmt":"2024-07-23T12:35:30","slug":"sabina-deutsch","status":"publish","type":"page","link":"https:\/\/kulturbau.ch\/ws19\/sabina-deutsch\/","title":{"rendered":"Sabina Deutsch"},"content":{"rendered":"<div class=\"fusion-fullwidth fullwidth-box fusion-builder-row-1 nonhundred-percent-fullwidth non-hundred-percent-height-scrolling gradient-container-1\" style=\"--awb-border-radius-top-left:0px;--awb-border-radius-top-right:0px;--awb-border-radius-bottom-right:0px;--awb-border-radius-bottom-left:0px;--awb-flex-wrap:wrap;\" ><div class=\"fusion-builder-row fusion-row\"><div class=\"fusion-layout-column fusion_builder_column fusion-builder-column-0 fusion_builder_column_4_5 4_5 fusion-four-fifth fusion-column-first\" style=\"--awb-bg-blend:overlay;--awb-bg-size:cover;--awb-margin-top:0px;width:80%;width:calc(80% - ( ( 4% ) * 0.8 ) );margin-right: 4%;\"><div class=\"fusion-column-wrapper fusion-column-has-shadow fusion-flex-column-wrapper-legacy\"><div class=\"fusion-text fusion-text-1\"><h1 class=\"fusion-responsive-typography-calculated\" style=\"--fontsize: 37; line-height: 1.19;\" data-fontsize=\"37\" data-lineheight=\"44px\"><span class=\"Stil20\"><span class=\"Stil14\" style=\"font-size: 40px;\" data-fusion-font=\"true\">Sabina Deutsch<\/span><\/span><\/h1>\n<h2 class=\"fusion-responsive-typography-calculated\" style=\"--fontsize: 28; line-height: 1.18;\" data-fontsize=\"28\" data-lineheight=\"33px\"><span style=\"font-weight: normal;\"><span class=\"Stil20\"><span class=\"Stil14\">Schauspielerin &amp; S\u00e4ngerin<\/span><\/span><\/span><\/h2>\n<p>Sabina Deutsch 1966 geboren, lebt als freischaffende Schauspielerin, S\u00e4ngerin und Regisseurin in Winterthur. Nebst ihrem Abschluss an der Mimenschule Ilg Z\u00fcrich, absolvierte sie zus\u00e4tzlich eine Ausbildung in Prato (IT) und Barcelona.<\/p>\n<p>1999 gr\u00fcndete sie mit Carmen Crusius das Duo \u00abCrusius und Deutsch\u00bb, welches w\u00e4hrend 13 Jahren auf allen Kabarett- und Kleinkunstb\u00fchnen der Schweiz unterwegs war und 2003 den Appenzeller-Kabarettpreis gewann. Heute ist Sabina Deutsch Schauspielerin und S\u00e4ngerin in verschiedenen Produktionen t\u00e4tig.<\/p>\n<p>2016 -2019 war sie mit der ersten erfolgreichen Eigenproduktion \u00abDesperado\u00bb unterwegs.<\/p>\n<\/div><div class=\"elegant-empty-space space-vertical fusion-clearfix \" style=\"height:26px;\"><\/div><div class=\"elegant-empty-space space-vertical fusion-clearfix \" style=\"height:26px;\"><\/div><div class=\"fusion-text fusion-text-2\"><h3><b style=\"line-height: 33px;\" data-fusion-font=\"true\"><u>2. Eigenproduktion:<\/u><\/b><\/h3>\n<h1><b style=\"font-size: 40px; line-height: 46px; color: #000099;\" data-fusion-font=\"true\">\u00abFriedau\u00bb<br \/>\n<\/b><b style=\"font-size: 31px; line-height: 46px; color: #000099;\" data-fusion-font=\"true\">Lebensgeschichte einer Beiz<\/b><\/h1>\n<p><span style=\"color: var(--body_typography-color); font-family: var(--body_typography-font-family); font-size: var(--body_typography-font-size); font-style: var(--body_typography-font-style,normal); letter-spacing: var(--body_typography-letter-spacing);\"><b>Ein bebildertes, musikalisches Theaterst\u00fcck<br \/>\n<\/b><\/span><span style=\"color: var(--body_typography-color); font-family: var(--body_typography-font-family); font-size: var(--body_typography-font-size); font-style: var(--body_typography-font-style,normal); letter-spacing: var(--body_typography-letter-spacing);\"><b>\u00fcber die Lebensgeschichte <\/b><\/span><b style=\"color: var(--body_typography-color); font-family: var(--body_typography-font-family); font-size: var(--body_typography-font-size); font-style: var(--body_typography-font-style,normal); letter-spacing: var(--body_typography-letter-spacing);\">einer Beiz, ihrer Wirtin und deren G\u00e4ste<br \/>\n<\/b><b style=\"color: var(--body_typography-color); font-family: var(--body_typography-font-family); font-size: var(--body_typography-font-size); font-style: var(--body_typography-font-style,normal); letter-spacing: var(--body_typography-letter-spacing);\"><span style=\"color: var(--body_typography-color); font-family: var(--body_typography-font-family); font-size: var(--body_typography-font-size); font-style: var(--body_typography-font-style,normal); letter-spacing: var(--body_typography-letter-spacing);\">mit <\/span><span style=\"color: var(--body_typography-color); font-family: var(--body_typography-font-family); font-size: var(--body_typography-font-size); font-style: var(--body_typography-font-style,normal); letter-spacing: var(--body_typography-letter-spacing);\">Sabina Deutsch, Pier Pal\u00f9 und Markus Ludstock<\/span><\/b><\/p>\n<p>Die \u00abFriedau\u00bb, eine der letzten Beizen, wurde abgerissen. Romy, die zwanzig Jahre lang die Wirtschaft im Oberland gef\u00fchrt hat, musste das Gasthaus, in dem schon ihre Grossmutter und ihre Eltern wirtschafteten, <span style=\"color: var(--body_typography-color); font-family: var(--body_typography-font-family); font-size: var(--body_typography-font-size); font-style: var(--body_typography-font-style,normal); letter-spacing: var(--body_typography-letter-spacing);\">aufgeben.<\/span><\/p>\n<p>Nun tut Romy noch einmal, was sie am besten kann: G\u00e4ste unterhalten mit guten, wilden Geschichten und starken Liedern. Begleitet von ihren beiden ehemaligen Lieblingsstammg\u00e4sten Ueli und Charly, erz\u00e4hlt und besingt sie ihr bewegtes Leben \u2013 und das der ehrw\u00fcrdigen Beiz. Am Ende des Abends wird die \u00abFriedau\u00bb wieder zu dem, was sie lange Zeit war: ein Ort, an dem man sich wohl f\u00fchlt und eigentlich f\u00fcr immer bleiben m\u00f6chte.<\/p>\n<p><span style=\"font-size: 13px; color: #000000;\" data-fusion-font=\"true\"><span style=\"font-size: 13px; color: #000000;\" data-fusion-font=\"true\">Premiere: Dezember 2021, Theater am Gleis Winterthur<br \/>\n<\/span><\/span><span style=\"color: var(--body_typography-color); font-family: var(--body_typography-font-family); font-size: var(--body_typography-font-size); font-style: var(--body_typography-font-style,normal); letter-spacing: var(--body_typography-letter-spacing);\"><span style=\"font-size: 13px; color: #000000;\" data-fusion-font=\"true\"><span style=\"font-size: 13px; color: #000000;\" data-fusion-font=\"true\">Spiel &amp; Gesang: Sabina Deutsch | <\/span><\/span><\/span><span style=\"color: var(--body_typography-color); font-family: var(--body_typography-font-family); font-size: var(--body_typography-font-size); font-style: var(--body_typography-font-style,normal); letter-spacing: var(--body_typography-letter-spacing);\"><span style=\"font-size: 13px; color: #000000;\" data-fusion-font=\"true\">Musik: Pier Pal<\/span><\/span><span style=\"color: #000000; font-family: var(--body_typography-font-family); font-size: var(--body_typography-font-size); font-style: var(--body_typography-font-style,normal); letter-spacing: var(--body_typography-letter-spacing);\"><span style=\"font-size: 13px; color: #000000;\" data-fusion-font=\"true\">\u00f9 | <\/span><\/span><span style=\"color: #000000; font-family: var(--body_typography-font-family); font-size: var(--body_typography-font-size); font-style: var(--body_typography-font-style,normal); letter-spacing: var(--body_typography-letter-spacing);\"><span style=\"font-size: 13px; color: #000000;\" data-fusion-font=\"true\">Projektionen: Markus Ludstock<br \/>\n<\/span><\/span><span style=\"color: var(--body_typography-color); font-family: var(--body_typography-font-family); font-size: var(--body_typography-font-size); font-style: var(--body_typography-font-style,normal); letter-spacing: var(--body_typography-letter-spacing);\"><span style=\"font-size: 13px; color: #000000;\" data-fusion-font=\"true\">Text &amp; Regie: Paul Steinmann<\/span><\/span><\/p>\n<\/div><div class=\"elegant-empty-space space-vertical fusion-clearfix \" style=\"height:15px;\"><\/div><div class=\"fusion-video fusion-youtube\" style=\"--awb-max-width:800px;--awb-max-height:450px;\"><div class=\"video-shortcode\"><lite-youtube videoid=\"ks05wOsGQ0w\" class=\"landscape\" params=\"wmode=transparent&autoplay=1&amp;enablejsapi=1\" title=\"YouTube video player 1\" data-button-label=\"Play Video\" width=\"800\" height=\"450\" data-thumbnail-size=\"auto\" data-no-cookie=\"on\"><\/lite-youtube><\/div><\/div><div class=\"elegant-empty-space space-vertical fusion-clearfix \" style=\"height:15px;\"><\/div><div class=\"fusion-image-element in-legacy-container\" style=\"--awb-caption-title-font-family:var(--h2_typography-font-family);--awb-caption-title-font-weight:var(--h2_typography-font-weight);--awb-caption-title-font-style:var(--h2_typography-font-style);--awb-caption-title-size:var(--h2_typography-font-size);--awb-caption-title-transform:var(--h2_typography-text-transform);--awb-caption-title-line-height:var(--h2_typography-line-height);--awb-caption-title-letter-spacing:var(--h2_typography-letter-spacing);\"><span class=\" fusion-imageframe imageframe-dropshadow imageframe-1 hover-type-none\" style=\"-webkit-box-shadow: 3px 3px 7px rgba(0,0,0,0.3);box-shadow: 3px 3px 7px rgba(0,0,0,0.3);\"><img fetchpriority=\"high\" decoding=\"async\" fetchpriority=\"high\" width=\"600\" height=\"498\" title=\"Sabina_Friedau-scaled\" src=\"https:\/\/kulturbau.ch\/ws19\/wp-content\/uploads\/2022\/02\/Sabina_Friedau-scaled-1.jpg\" data-orig-src=\"https:\/\/kulturbau.ch\/ws19\/wp-content\/uploads\/2022\/02\/Sabina_Friedau-scaled-1-600x498.jpg\" alt class=\"lazyload img-responsive wp-image-5569\" srcset=\"data:image\/svg+xml,%3Csvg%20xmlns%3D%27http%3A%2F%2Fwww.w3.org%2F2000%2Fsvg%27%20width%3D%272560%27%20height%3D%272123%27%20viewBox%3D%270%200%202560%202123%27%3E%3Crect%20width%3D%272560%27%20height%3D%272123%27%20fill-opacity%3D%220%22%2F%3E%3C%2Fsvg%3E\" data-srcset=\"https:\/\/kulturbau.ch\/ws19\/wp-content\/uploads\/2022\/02\/Sabina_Friedau-scaled-1-200x166.jpg 200w, https:\/\/kulturbau.ch\/ws19\/wp-content\/uploads\/2022\/02\/Sabina_Friedau-scaled-1-400x332.jpg 400w, https:\/\/kulturbau.ch\/ws19\/wp-content\/uploads\/2022\/02\/Sabina_Friedau-scaled-1-600x498.jpg 600w, https:\/\/kulturbau.ch\/ws19\/wp-content\/uploads\/2022\/02\/Sabina_Friedau-scaled-1-800x663.jpg 800w, https:\/\/kulturbau.ch\/ws19\/wp-content\/uploads\/2022\/02\/Sabina_Friedau-scaled-1-1200x995.jpg 1200w\" data-sizes=\"auto\" data-orig-sizes=\"(max-width: 800px) 100vw, 1200px\" \/><\/span><\/div><div class=\"fusion-clearfix\"><\/div><\/div><\/div><div class=\"fusion-layout-column fusion_builder_column fusion-builder-column-1 fusion_builder_column_1_5 1_5 fusion-one-fifth fusion-column-last\" style=\"--awb-padding-bottom:5%;--awb-bg-blend:overlay;--awb-bg-size:cover;--awb-margin-bottom:5px;width:20%;width:calc(20% - ( ( 4% ) * 0.2 ) );\"><div class=\"fusion-column-wrapper fusion-column-has-shadow fusion-flex-column-wrapper-legacy\"><div class=\"fusion-image-element in-legacy-container\" style=\"--awb-liftup-border-radius:0px;--awb-caption-title-font-family:var(--h2_typography-font-family);--awb-caption-title-font-weight:var(--h2_typography-font-weight);--awb-caption-title-font-style:var(--h2_typography-font-style);--awb-caption-title-size:var(--h2_typography-font-size);--awb-caption-title-transform:var(--h2_typography-text-transform);--awb-caption-title-line-height:var(--h2_typography-line-height);--awb-caption-title-letter-spacing:var(--h2_typography-letter-spacing);\"><div class=\"awb-image-frame awb-image-frame-2 imageframe-liftup\"><span class=\" fusion-imageframe imageframe-dropshadow imageframe-2\" style=\"-webkit-box-shadow: 3px 3px 7px rgba(0,0,0,0.3);box-shadow: 3px 3px 7px rgba(0,0,0,0.3);\"><a href=\"https:\/\/kulturbau.ch\/ws19\/wp-content\/uploads\/2022\/02\/Friedau_Plakat-scaled-1-800x1131.jpg\" class=\"fusion-lightbox\" data-rel=\"iLightbox[22a8d1f4a82d4b61291]\" data-caption=\"friedau\" data-title=\"Friedau_Plakat-scaled\" title=\"Friedau_Plakat-scaled\"><img decoding=\"async\" width=\"212\" height=\"300\" alt=\"Friedau\" src=\"https:\/\/kulturbau.ch\/ws19\/wp-content\/uploads\/2022\/02\/Friedau_Plakat-scaled-1.jpg\" data-orig-src=\"https:\/\/kulturbau.ch\/ws19\/wp-content\/uploads\/2022\/02\/Friedau_Plakat-scaled-1-212x300.jpg\" class=\"lazyload img-responsive wp-image-5553\" srcset=\"data:image\/svg+xml,%3Csvg%20xmlns%3D%27http%3A%2F%2Fwww.w3.org%2F2000%2Fsvg%27%20width%3D%271810%27%20height%3D%272560%27%20viewBox%3D%270%200%201810%202560%27%3E%3Crect%20width%3D%271810%27%20height%3D%272560%27%20fill-opacity%3D%220%22%2F%3E%3C%2Fsvg%3E\" data-srcset=\"https:\/\/kulturbau.ch\/ws19\/wp-content\/uploads\/2022\/02\/Friedau_Plakat-scaled-1-200x283.jpg 200w, https:\/\/kulturbau.ch\/ws19\/wp-content\/uploads\/2022\/02\/Friedau_Plakat-scaled-1-400x566.jpg 400w, https:\/\/kulturbau.ch\/ws19\/wp-content\/uploads\/2022\/02\/Friedau_Plakat-scaled-1-600x849.jpg 600w, https:\/\/kulturbau.ch\/ws19\/wp-content\/uploads\/2022\/02\/Friedau_Plakat-scaled-1-800x1131.jpg 800w, https:\/\/kulturbau.ch\/ws19\/wp-content\/uploads\/2022\/02\/Friedau_Plakat-scaled-1-1200x1697.jpg 1200w, https:\/\/kulturbau.ch\/ws19\/wp-content\/uploads\/2022\/02\/Friedau_Plakat-scaled-1.jpg 1810w\" data-sizes=\"auto\" data-orig-sizes=\"(max-width: 800px) 100vw, 400px\" \/><\/a><\/span><\/div><\/div><div class=\"fusion-text fusion-text-3\"><p><span style=\"color: #ffffff;\">.<\/span><\/p>\n<\/div><div class=\"elegant-empty-space space-vertical fusion-clearfix \" style=\"height:15px;\"><\/div><div class=\"elegant-fancy-button-wrapper elegant-align-center\"><style type=\"text\/css\">.elegant-fancy-button-wrap.elegant-fancy-button-1 .elegant-fancy-button-link { color:#ff9800 !important;--color:#ff9800 !important; border-color:#ff9800;--border-color:#000099}.elegant-fancy-button-wrap.elegant-fancy-button-1 .elegant-fancy-button-link:hover { color:#ff9800 !important;}.elegant-fancy-button-wrap.elegant-fancy-button-1 .elegant-fancy-button-link.elegant-button-collision:before, .elegant-fancy-button-wrap.elegant-fancy-button-1 .elegant-fancy-button-link.elegant-button-collision:after{ background-color:#000099;}<\/style><div class=\"elegant-fancy-button-wrap elegant-fancy-button-1\"><a class=\"elegant-fancy-button-link elegant-button-collision elegant-button-square button-xlarge elegant-fancy-button-icon-left\" style=\"font-family: &#039;Open Sans&#039; ;font-weight: 600;font-size:18px;line-height: 1em;\" href=\"https:\/\/www.sabinadeutsch.ch\/friedau\/\" target=\"_blank\"><i class=\"fa-house-user fas\"><\/i>Homepage <\/a><\/div><\/div><div class=\"elegant-empty-space space-vertical fusion-clearfix \" style=\"height:15px;\"><\/div><div class=\"elegant-empty-space space-vertical fusion-clearfix \" style=\"height:15px;\"><\/div><div class=\"elegant-cards \" style=\"border-radius:  ;\"><div class=\"elegant-cards-description-wrapper elegant-align-left\" style=\"background-color:rgba(0,0,153,0.1);border-color:#dddddd;border-top-style: solid;border-top-width: 1px;\"><h2 class=\"elegant-cards-title\" style=\"font-family: &#039;Open Sans&#039; ;font-weight: 600;font-size:20px;\">KONTAKT &amp; VERMITTLUNG<\/h2><p class=\"elegant-cards-description\" style=\"font-family: &#039;Open Sans&#039; ;font-weight: 300;font-size:12px;color:#000000;\">David Baumgartner<br \/>\nKulturbau GmbH<br \/>\nHopfenstrasse 3<br \/>\n8400 Winterthur<br \/>\n---<br \/>\n052 203 41 41<br \/>\n079 600 79 26<br \/>\n<\/p><div class=\"fusion-button-wrapper\"><a class=\"fusion-button button-flat button-small button-custom fusion-button-default button-1 fusion-button-default-span fusion-button-default-type\" style=\"--button_accent_color:#000099;--button_accent_hover_color:#ff9800;--button_border_hover_color:#ffffff;--button_gradient_top_color:#ff9800;--button_gradient_bottom_color:#ff9800;--button_gradient_top_color_hover:#000099;--button_gradient_bottom_color_hover:#000099;\" target=\"_self\" href=\"mailto:info@kulturbau.ch\"><i class=\"fa-at fas awb-button__icon awb-button__icon--default button-icon-left\" aria-hidden=\"true\"><\/i><span class=\"fusion-button-text awb-button__text awb-button__text--default\">Mail<\/span><\/a><\/div><\/div><\/div><div class=\"elegant-empty-space space-vertical fusion-clearfix \" style=\"height:15px;\"><\/div><div class=\"elegant-fancy-button-wrapper elegant-align-center\"><style type=\"text\/css\">.elegant-fancy-button-wrap.elegant-fancy-button-2 .elegant-fancy-button-link { color:#ff9800 !important;--color:#ff9800 !important; border-color:#ff9800;--border-color:#000099}.elegant-fancy-button-wrap.elegant-fancy-button-2 .elegant-fancy-button-link:hover { color:#ff9800 !important;}.elegant-fancy-button-wrap.elegant-fancy-button-2 .elegant-fancy-button-link.elegant-button-collision:before, .elegant-fancy-button-wrap.elegant-fancy-button-2 .elegant-fancy-button-link.elegant-button-collision:after{ background-color:#000099;}<\/style><div class=\"elegant-fancy-button-wrap elegant-fancy-button-2\"><a class=\"elegant-fancy-button-link elegant-button-collision elegant-button-square button-xlarge elegant-fancy-button-icon-left\" style=\"font-family: &#039;Open Sans&#039; ;font-weight: 600;font-size:18px;line-height: 1em;\" href=\"https:\/\/www.sabinadeutsch.ch\/spieldaten\/\" target=\"_blank\"><i class=\"fa-theater-masks fas\"><\/i>Spielplan<\/a><\/div><\/div><div class=\"elegant-empty-space space-vertical fusion-clearfix \" style=\"height:15px;\"><\/div><div class=\"mec-wrap mec-skin-custom-container \" id=\"mec_skin_5626\">\r\n\r\n    \r\n        <div class=\"mec-skin-custom-events-container\" id=\"mec_skin_events_5626\">\r\n        No event found!    <\/div>\r\n    \r\n    \r\n<\/div>\r\n<div class=\"fusion-text fusion-text-4\"><p><i>\u00a0<\/i><\/p>\n<p><i><span style=\"font-size: 12px;\" data-fusion-font=\"true\">\u00ab<\/span><span style=\"color: var(--body_typography-color); font-family: var(--body_typography-font-family); font-size: 12px; letter-spacing: var(--body_typography-letter-spacing);\" data-fusion-font=\"true\">Ihr Publikum, allein mit B\u00fchnenpr\u00e4senz, Geschichten und Gesang in ihren Bann zu ziehen und es ironisch, schelmisch oder schnippisch um den Finger zu wickeln, das kann Sabina Deutsch ungemein \u00fcberzeugend. Ein Prosit auf die Wirtin!<\/span><span style=\"color: var(--body_typography-color); font-family: var(--body_typography-font-family); font-size: var(--body_typography-font-size); letter-spacing: var(--body_typography-letter-spacing);\"><span style=\"font-size: 12px;\" data-fusion-font=\"true\">\u00bb<\/span><\/span><\/i><\/p>\n<p><i><span style=\"font-size: 14px;\" data-fusion-font=\"true\">\u00a0<\/span><\/i><\/p>\n<p><i style=\"color: var(--body_typography-color); font-family: var(--body_typography-font-family); letter-spacing: var(--body_typography-letter-spacing); font-size: 14px;\">&gt;<\/i><\/p>\n<\/div><div class=\"fusion-clearfix\"><\/div><\/div><\/div><\/div><\/div>\n","protected":false},"excerpt":{"rendered":"","protected":false},"author":3,"featured_media":0,"parent":0,"menu_order":0,"comment_status":"closed","ping_status":"closed","template":"","meta":{"footnotes":""},"class_list":["post-5543","page","type-page","status-publish","hentry"],"yoast_head":"<!-- This site is optimized with the Yoast SEO plugin v27.1.1 - https:\/\/yoast.com\/product\/yoast-seo-wordpress\/ -->\n<title>Sabina Deutsch - Kulturbau GmbH<\/title>\n<meta name=\"description\" content=\"Kulturbau ist eine K\u00fcnstleragentur und ein Kulturproduzent im Umfeld der Kleinkunst\" \/>\n<meta name=\"robots\" content=\"index, follow, max-snippet:-1, max-image-preview:large, max-video-preview:-1\" \/>\n<link rel=\"canonical\" href=\"https:\/\/kulturbau.ch\/ws19\/sabina-deutsch\/\" \/>\n<meta property=\"og:locale\" content=\"de_DE\" \/>\n<meta property=\"og:type\" content=\"article\" \/>\n<meta property=\"og:title\" content=\"Sabina Deutsch - Kulturbau GmbH\" \/>\n<meta property=\"og:description\" content=\"Kulturbau ist eine K\u00fcnstleragentur und ein Kulturproduzent im Umfeld der Kleinkunst\" \/>\n<meta property=\"og:url\" content=\"https:\/\/kulturbau.ch\/ws19\/sabina-deutsch\/\" \/>\n<meta property=\"og:site_name\" content=\"Kulturbau GmbH\" \/>\n<meta property=\"article:publisher\" content=\"https:\/\/www.facebook.com\/kulturbau\" \/>\n<meta property=\"article:modified_time\" content=\"2024-07-23T12:35:30+00:00\" \/>\n<meta name=\"twitter:card\" content=\"summary_large_image\" \/>\n<meta name=\"twitter:label1\" content=\"Gesch\u00e4tzte Lesezeit\" \/>\n\t<meta name=\"twitter:data1\" content=\"4\u00a0Minuten\" \/>\n<script type=\"application\/ld+json\" class=\"yoast-schema-graph\">{\"@context\":\"https:\/\/schema.org\",\"@graph\":[{\"@type\":\"WebPage\",\"@id\":\"https:\/\/kulturbau.ch\/ws19\/sabina-deutsch\/\",\"url\":\"https:\/\/kulturbau.ch\/ws19\/sabina-deutsch\/\",\"name\":\"Sabina Deutsch - Kulturbau GmbH\",\"isPartOf\":{\"@id\":\"https:\/\/kulturbau.ch\/ws19\/#website\"},\"datePublished\":\"2022-02-07T09:00:48+00:00\",\"dateModified\":\"2024-07-23T12:35:30+00:00\",\"description\":\"Kulturbau ist eine K\u00fcnstleragentur und ein Kulturproduzent im Umfeld der Kleinkunst\",\"breadcrumb\":{\"@id\":\"https:\/\/kulturbau.ch\/ws19\/sabina-deutsch\/#breadcrumb\"},\"inLanguage\":\"de-CH\",\"potentialAction\":[{\"@type\":\"ReadAction\",\"target\":[\"https:\/\/kulturbau.ch\/ws19\/sabina-deutsch\/\"]}]},{\"@type\":\"BreadcrumbList\",\"@id\":\"https:\/\/kulturbau.ch\/ws19\/sabina-deutsch\/#breadcrumb\",\"itemListElement\":[{\"@type\":\"ListItem\",\"position\":1,\"name\":\"Home\",\"item\":\"https:\/\/kulturbau.ch\/ws19\/\"},{\"@type\":\"ListItem\",\"position\":2,\"name\":\"Sabina Deutsch\"}]},{\"@type\":\"WebSite\",\"@id\":\"https:\/\/kulturbau.ch\/ws19\/#website\",\"url\":\"https:\/\/kulturbau.ch\/ws19\/\",\"name\":\"Kulturbau GmbH\",\"description\":\"K\u00fcnstlervermittlung &amp; Kulturproduktionen\",\"publisher\":{\"@id\":\"https:\/\/kulturbau.ch\/ws19\/#organization\"},\"potentialAction\":[{\"@type\":\"SearchAction\",\"target\":{\"@type\":\"EntryPoint\",\"urlTemplate\":\"https:\/\/kulturbau.ch\/ws19\/?s={search_term_string}\"},\"query-input\":{\"@type\":\"PropertyValueSpecification\",\"valueRequired\":true,\"valueName\":\"search_term_string\"}}],\"inLanguage\":\"de-CH\"},{\"@type\":\"Organization\",\"@id\":\"https:\/\/kulturbau.ch\/ws19\/#organization\",\"name\":\"Kulturbau GmbH\",\"url\":\"https:\/\/kulturbau.ch\/ws19\/\",\"logo\":{\"@type\":\"ImageObject\",\"inLanguage\":\"de-CH\",\"@id\":\"https:\/\/kulturbau.ch\/ws19\/#\/schema\/logo\/image\/\",\"url\":\"https:\/\/kulturbau.ch\/ws19\/wp-content\/uploads\/2019\/07\/kulturbau_logo.gif\",\"contentUrl\":\"https:\/\/kulturbau.ch\/ws19\/wp-content\/uploads\/2019\/07\/kulturbau_logo.gif\",\"width\":313,\"height\":58,\"caption\":\"Kulturbau GmbH\"},\"image\":{\"@id\":\"https:\/\/kulturbau.ch\/ws19\/#\/schema\/logo\/image\/\"},\"sameAs\":[\"https:\/\/www.facebook.com\/kulturbau\",\"https:\/\/www.instagram.com\/kulturbau_agentur\/\"]}]}<\/script>\n<!-- \/ Yoast SEO plugin. -->","yoast_head_json":{"title":"Sabina Deutsch - Kulturbau GmbH","description":"Kulturbau ist eine K\u00fcnstleragentur und ein Kulturproduzent im Umfeld der Kleinkunst","robots":{"index":"index","follow":"follow","max-snippet":"max-snippet:-1","max-image-preview":"max-image-preview:large","max-video-preview":"max-video-preview:-1"},"canonical":"https:\/\/kulturbau.ch\/ws19\/sabina-deutsch\/","og_locale":"de_DE","og_type":"article","og_title":"Sabina Deutsch - Kulturbau GmbH","og_description":"Kulturbau ist eine K\u00fcnstleragentur und ein Kulturproduzent im Umfeld der Kleinkunst","og_url":"https:\/\/kulturbau.ch\/ws19\/sabina-deutsch\/","og_site_name":"Kulturbau GmbH","article_publisher":"https:\/\/www.facebook.com\/kulturbau","article_modified_time":"2024-07-23T12:35:30+00:00","twitter_card":"summary_large_image","twitter_misc":{"Gesch\u00e4tzte Lesezeit":"4\u00a0Minuten"},"schema":{"@context":"https:\/\/schema.org","@graph":[{"@type":"WebPage","@id":"https:\/\/kulturbau.ch\/ws19\/sabina-deutsch\/","url":"https:\/\/kulturbau.ch\/ws19\/sabina-deutsch\/","name":"Sabina Deutsch - Kulturbau GmbH","isPartOf":{"@id":"https:\/\/kulturbau.ch\/ws19\/#website"},"datePublished":"2022-02-07T09:00:48+00:00","dateModified":"2024-07-23T12:35:30+00:00","description":"Kulturbau ist eine K\u00fcnstleragentur und ein Kulturproduzent im Umfeld der Kleinkunst","breadcrumb":{"@id":"https:\/\/kulturbau.ch\/ws19\/sabina-deutsch\/#breadcrumb"},"inLanguage":"de-CH","potentialAction":[{"@type":"ReadAction","target":["https:\/\/kulturbau.ch\/ws19\/sabina-deutsch\/"]}]},{"@type":"BreadcrumbList","@id":"https:\/\/kulturbau.ch\/ws19\/sabina-deutsch\/#breadcrumb","itemListElement":[{"@type":"ListItem","position":1,"name":"Home","item":"https:\/\/kulturbau.ch\/ws19\/"},{"@type":"ListItem","position":2,"name":"Sabina Deutsch"}]},{"@type":"WebSite","@id":"https:\/\/kulturbau.ch\/ws19\/#website","url":"https:\/\/kulturbau.ch\/ws19\/","name":"Kulturbau GmbH","description":"K\u00fcnstlervermittlung &amp; Kulturproduktionen","publisher":{"@id":"https:\/\/kulturbau.ch\/ws19\/#organization"},"potentialAction":[{"@type":"SearchAction","target":{"@type":"EntryPoint","urlTemplate":"https:\/\/kulturbau.ch\/ws19\/?s={search_term_string}"},"query-input":{"@type":"PropertyValueSpecification","valueRequired":true,"valueName":"search_term_string"}}],"inLanguage":"de-CH"},{"@type":"Organization","@id":"https:\/\/kulturbau.ch\/ws19\/#organization","name":"Kulturbau GmbH","url":"https:\/\/kulturbau.ch\/ws19\/","logo":{"@type":"ImageObject","inLanguage":"de-CH","@id":"https:\/\/kulturbau.ch\/ws19\/#\/schema\/logo\/image\/","url":"https:\/\/kulturbau.ch\/ws19\/wp-content\/uploads\/2019\/07\/kulturbau_logo.gif","contentUrl":"https:\/\/kulturbau.ch\/ws19\/wp-content\/uploads\/2019\/07\/kulturbau_logo.gif","width":313,"height":58,"caption":"Kulturbau GmbH"},"image":{"@id":"https:\/\/kulturbau.ch\/ws19\/#\/schema\/logo\/image\/"},"sameAs":["https:\/\/www.facebook.com\/kulturbau","https:\/\/www.instagram.com\/kulturbau_agentur\/"]}]}},"_links":{"self":[{"href":"https:\/\/kulturbau.ch\/ws19\/wp-json\/wp\/v2\/pages\/5543","targetHints":{"allow":["GET"]}}],"collection":[{"href":"https:\/\/kulturbau.ch\/ws19\/wp-json\/wp\/v2\/pages"}],"about":[{"href":"https:\/\/kulturbau.ch\/ws19\/wp-json\/wp\/v2\/types\/page"}],"author":[{"embeddable":true,"href":"https:\/\/kulturbau.ch\/ws19\/wp-json\/wp\/v2\/users\/3"}],"replies":[{"embeddable":true,"href":"https:\/\/kulturbau.ch\/ws19\/wp-json\/wp\/v2\/comments?post=5543"}],"version-history":[{"count":26,"href":"https:\/\/kulturbau.ch\/ws19\/wp-json\/wp\/v2\/pages\/5543\/revisions"}],"predecessor-version":[{"id":7390,"href":"https:\/\/kulturbau.ch\/ws19\/wp-json\/wp\/v2\/pages\/5543\/revisions\/7390"}],"wp:attachment":[{"href":"https:\/\/kulturbau.ch\/ws19\/wp-json\/wp\/v2\/media?parent=5543"}],"curies":[{"name":"wp","href":"https:\/\/api.w.org\/{rel}","templated":true}]}}