{"id":172,"date":"2019-07-06T15:20:00","date_gmt":"2019-07-06T13:20:00","guid":{"rendered":"https:\/\/kulturbau.ch\/ws19\/?page_id=172"},"modified":"2026-03-18T17:57:38","modified_gmt":"2026-03-18T16:57:38","slug":"kulturbau","status":"publish","type":"page","link":"https:\/\/kulturbau.ch\/ws19\/kulturbau\/","title":{"rendered":"Kulturbau"},"content":{"rendered":"<p><div class=\"fusion-fullwidth fullwidth-box fusion-builder-row-1 nonhundred-percent-fullwidth non-hundred-percent-height-scrolling gradient-container-1\" style=\"--awb-border-radius-top-left:0px;--awb-border-radius-top-right:0px;--awb-border-radius-bottom-right:0px;--awb-border-radius-bottom-left:0px;--awb-flex-wrap:wrap;\" ><div class=\"fusion-builder-row fusion-row\"><div class=\"fusion-layout-column fusion_builder_column fusion-builder-column-0 fusion_builder_column_1_1 1_1 fusion-one-full fusion-column-first fusion-column-last\" style=\"--awb-bg-blend:overlay;--awb-bg-size:cover;\"><div class=\"fusion-column-wrapper fusion-column-has-shadow fusion-flex-column-wrapper-legacy\"><div class=\"fusion-image-element in-legacy-container\" style=\"--awb-caption-title-font-family:var(--h2_typography-font-family);--awb-caption-title-font-weight:var(--h2_typography-font-weight);--awb-caption-title-font-style:var(--h2_typography-font-style);--awb-caption-title-size:var(--h2_typography-font-size);--awb-caption-title-transform:var(--h2_typography-text-transform);--awb-caption-title-line-height:var(--h2_typography-line-height);--awb-caption-title-letter-spacing:var(--h2_typography-letter-spacing);\"><span class=\" fusion-imageframe imageframe-dropshadow imageframe-1 hover-type-none\" style=\"-webkit-box-shadow: 3px 3px 7px rgba(0,0,0,0.3);box-shadow: 3px 3px 7px rgba(0,0,0,0.3);\"><a class=\"fusion-no-lightbox\" href=\"https:\/\/kulturbau.ch\/ws19\/25-jahre-kb\/\" target=\"_self\" aria-label=\"KB_Jub25\"><img loading=\"lazy\" decoding=\"async\" width=\"300\" height=\"136\" src=\"https:\/\/kulturbau.ch\/ws19\/wp-content\/uploads\/2026\/01\/KB_Jub25-1722x778.jpg\" data-orig-src=\"https:\/\/kulturbau.ch\/ws19\/wp-content\/uploads\/2026\/01\/KB_Jub25-300x136.jpg\" alt class=\"lazyload img-responsive wp-image-8485\" srcset=\"data:image\/svg+xml,%3Csvg%20xmlns%3D%27http%3A%2F%2Fwww.w3.org%2F2000%2Fsvg%27%20width%3D%271722%27%20height%3D%27778%27%20viewBox%3D%270%200%201722%20778%27%3E%3Crect%20width%3D%271722%27%20height%3D%27778%27%20fill-opacity%3D%220%22%2F%3E%3C%2Fsvg%3E\" data-srcset=\"https:\/\/kulturbau.ch\/ws19\/wp-content\/uploads\/2026\/01\/KB_Jub25-200x90.jpg 200w, https:\/\/kulturbau.ch\/ws19\/wp-content\/uploads\/2026\/01\/KB_Jub25-400x181.jpg 400w, https:\/\/kulturbau.ch\/ws19\/wp-content\/uploads\/2026\/01\/KB_Jub25-600x271.jpg 600w, https:\/\/kulturbau.ch\/ws19\/wp-content\/uploads\/2026\/01\/KB_Jub25-800x361.jpg 800w, https:\/\/kulturbau.ch\/ws19\/wp-content\/uploads\/2026\/01\/KB_Jub25-1200x542.jpg 1200w\" data-sizes=\"auto\" data-orig-sizes=\"(max-width: 800px) 100vw, 1200px\" \/><\/a><\/span><\/div><div class=\"fusion-text fusion-text-1\"><h1 class=\"fusion-responsive-typography-calculated\" style=\"--fontsize: 37; line-height: 1.19;\" data-fontsize=\"37\" data-lineheight=\"44px\"><span class=\"Stil45\" style=\"color: #000099;\"><strong>Kulturbau GmbH<\/strong><\/span><\/h1>\n<h1 class=\"fusion-responsive-typography-calculated\" style=\"--fontsize: 37; line-height: 1.19;\" data-fontsize=\"37\" data-lineheight=\"44px\"><span class=\"Stil45\" style=\"color: #000099; font-weight: normal;\">B\u00fcro f\u00fcr kulturelle Fundamente<br \/>\nK\u00fcnstlervermittlung &amp; Kulturproduktionen<\/span><\/h1>\n<p><b style=\"font-family: var(--body_typography-font-family); font-style: var(--body_typography-font-style,normal); letter-spacing: var(--body_typography-letter-spacing); text-align: var(--awb-content-alignment); text-transform: var(--awb-text-transform); font-size: 18px;\" data-fusion-font=\"true\">Kulturbau vermittelt und produziert mit Leidenschaft Kultur \u2013 seit 24 Jahren<\/b><\/p>\n<div>\n<p><strong>Die Baustellen von Kulturbau sind vielf\u00e4ltig<br \/>\n<\/strong>Kulturbau wurde im Jahre 2001 von Pascal Mettler, Manuel Lindt und David Baumgartner gegr\u00fcndet und ist eine <strong>K\u00fcnstleragentur<\/strong>, wie auch ein <strong>Kulturproduzent. <\/strong><span style=\"font-family: var(--awb-text-font-family); font-size: var(--awb-font-size); font-style: var(--awb-text-font-style); letter-spacing: var(--awb-letter-spacing); text-align: var(--awb-content-alignment); text-transform: var(--awb-text-transform);\">Mit 24 Jahren Erfahrung in Projektmanagement, Eventorganisation, Booking, Kommunikation und Produktion hat sich Kulturbau ein umfangreiches Netzwerk aufgebaut.<\/span><\/p>\n<p><strong style=\"font-family: var(--awb-text-font-family); font-size: var(--awb-font-size); font-style: var(--awb-text-font-style); letter-spacing: var(--awb-letter-spacing); text-align: var(--awb-content-alignment); text-transform: var(--awb-text-transform);\"><span class=\"Stil4\">Nachhaltig f\u00fcr Herz &amp; Hirn<br \/><\/span><\/strong>Kulturbau setzt auf kleine, unbekannte Produktionen und die Verschmelzung verschiedener Kultursparten statt auf grosse Produktionen oder Mainstream-Inhalte.  Im Mittelpunkt stehen das Entdecken, F\u00f6rdern und Vernetzen.  Zudem bildet der Br\u00fcckenschlag zwischen Veranstalter, Zuschauer und K\u00fcnstler sowie das Bilden von Netzwerken und das Setzen neuer Impulse das Herzst\u00fcck der T\u00e4tigkeit.<\/p>\n<\/div>\n<\/div><div class=\"fusion-button-wrapper\"><a class=\"fusion-button button-flat button-small button-custom fusion-button-default button-1 fusion-button-default-span fusion-no-small-visibility fusion-animated fusion-has-button-gradient\" style=\"--button_accent_color:#fffff;--button_accent_hover_color:#ffffff;--button_border_hover_color:#ffffff;--button-border-radius-top-left:25px;--button-border-radius-top-right:25px;--button-border-radius-bottom-right:25px;--button-border-radius-bottom-left:25px;--button_gradient_top_color:rgba(255,153,0,0.56);--button_gradient_bottom_color:#ff9900;--button_gradient_top_color_hover:rgba(0,0,153,0.73);--button_gradient_bottom_color_hover:#000099;\" data-animationType=\"shake\" data-animationDuration=\"0.3\" data-animationOffset=\"top-into-view\" target=\"_blank\" rel=\"noopener noreferrer\" href=\"https:\/\/kulturbau.ch\/medien-center\/KB\/Doku_Kulturbau.pdf\"><i class=\"fa-download fas awb-button__icon awb-button__icon--default button-icon-left\" aria-hidden=\"true\"><\/i><span class=\"fusion-button-text awb-button__text awb-button__text--default\">Kulturbau Doku (pdf)<\/span><\/a><\/div><div class=\"fusion-button-wrapper\"><a class=\"fusion-button button-flat button-small button-custom fusion-button-default button-2 fusion-button-default-span fusion-no-small-visibility fusion-animated fusion-has-button-gradient\" style=\"--button_accent_color:#fffff;--button_accent_hover_color:#ffffff;--button_border_hover_color:#ffffff;--button-border-radius-top-left:25px;--button-border-radius-top-right:25px;--button-border-radius-bottom-right:25px;--button-border-radius-bottom-left:25px;--button_gradient_top_color:rgba(255,153,0,0.56);--button_gradient_bottom_color:#ff9900;--button_gradient_top_color_hover:rgba(0,0,153,0.73);--button_gradient_bottom_color_hover:#000099;\" data-animationType=\"shake\" data-animationDuration=\"0.3\" data-animationOffset=\"top-into-view\" target=\"_blank\" rel=\"noopener noreferrer\" href=\"https:\/\/kulturbau.ch\/medien-center\/KB\/Kulturbau_Kuenstler_Broschuere.pdf\"><i class=\"fa-download fas awb-button__icon awb-button__icon--default button-icon-left\" aria-hidden=\"true\"><\/i><span class=\"fusion-button-text awb-button__text awb-button__text--default\">K\u00fcnstler Portfolio (pdf)<\/span><\/a><\/div><div class=\"fusion-text fusion-text-2\"><p>Kulturbau wird von David Baumgartner und Pascal Mettler gef\u00fchrt:<\/p>\n<\/div><div class=\"fusion-clearfix\"><\/div><\/div><\/div><div class=\"fusion-layout-column fusion_builder_column fusion-builder-column-1 fusion_builder_column_1_2 1_2 fusion-one-half fusion-column-first\" style=\"--awb-padding-top:5px;--awb-padding-right:0px;--awb-padding-bottom:0px;--awb-padding-left:10px;--awb-bg-color:rgba(0,0,153,0.09);--awb-bg-color-hover:rgba(0,0,153,0.09);--awb-bg-blend:overlay;--awb-bg-size:cover;--awb-box-shadow:5px 5px 1px 0px rgba(0,0,153,0.49);;width:50%;width:calc(50% - ( ( 4% ) * 0.5 ) );margin-right: 4%;\"><div class=\"fusion-column-wrapper fusion-column-has-shadow fusion-flex-column-wrapper-legacy\"><div class=\"fusion-person person fusion-person-left fusion-person-1 fusion-person-icon-top\" style=\"--awb-pic-style-color:#000000;--awb-pic-borderradius:0px;--awb-margin-top:0px;--awb-margin-right:0px;--awb-margin-bottom:0px;--awb-margin-left:0px;--awb-social-box-border-top:0px;--awb-social-box-border-right:0px;--awb-social-box-border-bottom:0px;--awb-social-box-border-left:0px;--awb-social-box-border-color:var(--awb-color3);--awb-social-box-border-color-hover:var(--awb-color4);--awb-social-box-colors-hover:rgba(232,232,232,0.8);--awb-social-icon-boxed-colors:#e8e8e8;--awb-social-icon-colors:#bebdbd;--awb-social-icon-colors-hover:rgba(190,189,189,0.8);\"><div class=\"person-shortcode-image-wrapper\"><div class=\"person-image-container hover-type-none dropshadow\" style=\"border:0px solid #f6f6f6;-webkit-box-shadow: 3px 3px 7px rgba(0,0,0,0.3);box-shadow: 3px 3px 7px rgba(0,0,0,0.3);-webkit-border-radius:0px;-moz-border-radius:0px;border-radius:0px;\"><img fetchpriority=\"high\" decoding=\"async\" fetchpriority=\"high\" class=\"lazyload person-img img-responsive wp-image-8636\" width=\"242\" height=\"300\" src=\"https:\/\/kulturbau.ch\/ws19\/wp-content\/uploads\/2026\/03\/dab26-1200x1485.jpg\" data-orig-src=\"https:\/\/kulturbau.ch\/ws19\/wp-content\/uploads\/2026\/03\/dab26-242x300.jpg\" alt=\"David Baumgartner\" srcset=\"data:image\/svg+xml,%3Csvg%20xmlns%3D%27http%3A%2F%2Fwww.w3.org%2F2000%2Fsvg%27%20width%3D%271200%27%20height%3D%271485%27%20viewBox%3D%270%200%201200%201485%27%3E%3Crect%20width%3D%271200%27%20height%3D%271485%27%20fill-opacity%3D%220%22%2F%3E%3C%2Fsvg%3E\" data-srcset=\"https:\/\/kulturbau.ch\/ws19\/wp-content\/uploads\/2026\/03\/dab26-200x248.jpg 200w, https:\/\/kulturbau.ch\/ws19\/wp-content\/uploads\/2026\/03\/dab26-400x495.jpg 400w, https:\/\/kulturbau.ch\/ws19\/wp-content\/uploads\/2026\/03\/dab26-600x743.jpg 600w, https:\/\/kulturbau.ch\/ws19\/wp-content\/uploads\/2026\/03\/dab26-800x990.jpg 800w, https:\/\/kulturbau.ch\/ws19\/wp-content\/uploads\/2026\/03\/dab26-1200x1485.jpg 1200w\" data-sizes=\"auto\" data-orig-sizes=\"(max-width: 800px) 100vw, 600px\" \/><\/div><\/div><div class=\"person-desc\"><div class=\"person-author\"><div class=\"person-author-wrapper\"><span class=\"person-name\">David Baumgartner<\/span><span class=\"person-title\"><\/span><\/div><div class=\"fusion-social-networks\"><div class=\"fusion-social-networks-wrapper\"><a class=\"fusion-social-network-icon fusion-tooltip fusion-facebook awb-icon-facebook custom\" aria-label=\"fusion-facebook\" href=\"https:\/\/www.facebook.com\/dabaumgartner\" target=\"_blank\" rel=\"noopener noreferrer\" style=\"color:#bebdbd;font-size:16px;\" data-placement=\"top\" data-title=\"Facebook\" title=\"Facebook\" data-toggle=\"tooltip\"><\/a><a class=\"fusion-social-network-icon fusion-tooltip fusion-instagram awb-icon-instagram custom\" aria-label=\"fusion-instagram\" href=\"https:\/\/www.instagram.com\/david.baumgartner.win\" target=\"_blank\" rel=\"noopener noreferrer\" style=\"color:#bebdbd;font-size:16px;\" data-placement=\"top\" data-title=\"Instagram\" title=\"Instagram\" data-toggle=\"tooltip\"><\/a><\/div><\/div><\/div><div class=\"person-content fusion-clearfix\">Gesch\u00e4ftsf\u00fchrer<br \/>\nK\u00fcnstler- und Kulturmanagement, Produzent, Finanzen &amp; Administration<\/p>\n<p>K\u00dcNSTLERVERMITTLUNG:<br \/>\nUta K\u00f6bernick, Les trois Suisses, Matthias Kunz, Hart auf Hart und Theatersport.<\/p>\n<p>DIREKT KONTAKT:<br \/>\nHopfenstrasse 3<br \/>\nCH-8400 Winterthur<\/p>\n<p>baumgartner@kulturbau.ch<br \/>\n+41 52 203 41 41<br \/>\n+41 79 600 79 26<\/p>\n<\/div><\/div><\/div><div class=\"fusion-button-wrapper\"><a class=\"fusion-button button-flat fusion-button-default-size button-default fusion-button-default button-3 fusion-button-default-span fusion-button-default-type\" target=\"_blank\" rel=\"noopener noreferrer\" href=\"https:\/\/kulturbau.ch\/ws19\/wp-content\/uploads\/2025\/11\/dab25.pdf\"><i class=\"fa-file-pdf fas awb-button__icon awb-button__icon--default button-icon-left\" aria-hidden=\"true\"><\/i><span class=\"fusion-button-text awb-button__text awb-button__text--default\">Portrait (pdf)<\/span><\/a><\/div><div class=\"fusion-clearfix\"><\/div><\/div><\/div><div class=\"fusion-layout-column fusion_builder_column fusion-builder-column-2 fusion_builder_column_1_2 1_2 fusion-one-half fusion-column-last\" style=\"--awb-padding-top:5px;--awb-padding-right:0px;--awb-padding-bottom:0px;--awb-padding-left:10px;--awb-bg-color:rgba(0,0,153,0.09);--awb-bg-color-hover:rgba(0,0,153,0.09);--awb-bg-blend:overlay;--awb-bg-size:cover;--awb-box-shadow:5px 5px 1px 0px rgba(0,0,153,0.49);;width:50%;width:calc(50% - ( ( 4% ) * 0.5 ) );\"><div class=\"fusion-column-wrapper fusion-column-has-shadow fusion-flex-column-wrapper-legacy\"><div class=\"fusion-person person fusion-person-left fusion-person-2 fusion-person-icon-top\" style=\"--awb-pic-style-color:#000000;--awb-pic-borderradius:0px;--awb-margin-top:0px;--awb-margin-right:0px;--awb-margin-bottom:0px;--awb-margin-left:0px;--awb-social-box-border-top:0px;--awb-social-box-border-right:0px;--awb-social-box-border-bottom:0px;--awb-social-box-border-left:0px;--awb-social-box-border-color:var(--awb-color3);--awb-social-box-border-color-hover:var(--awb-color4);--awb-social-box-colors-hover:rgba(232,232,232,0.8);--awb-social-icon-boxed-colors:#e8e8e8;--awb-social-icon-colors:#bebdbd;--awb-social-icon-colors-hover:rgba(190,189,189,0.8);\"><div class=\"person-shortcode-image-wrapper\"><div class=\"person-image-container hover-type-none dropshadow\" style=\"border:0px solid #f6f6f6;-webkit-box-shadow: 3px 3px 7px rgba(0,0,0,0.3);box-shadow: 3px 3px 7px rgba(0,0,0,0.3);-webkit-border-radius:0px;-moz-border-radius:0px;border-radius:0px;\"><img loading=\"lazy\" decoding=\"async\" class=\"lazyload person-img img-responsive wp-image-8637\" width=\"230\" height=\"300\" src=\"https:\/\/kulturbau.ch\/ws19\/wp-content\/uploads\/2026\/03\/pm2026-1200x1567.jpg\" data-orig-src=\"https:\/\/kulturbau.ch\/ws19\/wp-content\/uploads\/2026\/03\/pm2026-230x300.jpg\" alt=\"Pascal Mettler\" srcset=\"data:image\/svg+xml,%3Csvg%20xmlns%3D%27http%3A%2F%2Fwww.w3.org%2F2000%2Fsvg%27%20width%3D%271200%27%20height%3D%271567%27%20viewBox%3D%270%200%201200%201567%27%3E%3Crect%20width%3D%271200%27%20height%3D%271567%27%20fill-opacity%3D%220%22%2F%3E%3C%2Fsvg%3E\" data-srcset=\"https:\/\/kulturbau.ch\/ws19\/wp-content\/uploads\/2026\/03\/pm2026-200x261.jpg 200w, https:\/\/kulturbau.ch\/ws19\/wp-content\/uploads\/2026\/03\/pm2026-400x522.jpg 400w, https:\/\/kulturbau.ch\/ws19\/wp-content\/uploads\/2026\/03\/pm2026-600x784.jpg 600w, https:\/\/kulturbau.ch\/ws19\/wp-content\/uploads\/2026\/03\/pm2026-800x1045.jpg 800w, https:\/\/kulturbau.ch\/ws19\/wp-content\/uploads\/2026\/03\/pm2026-1200x1567.jpg 1200w\" data-sizes=\"auto\" data-orig-sizes=\"(max-width: 800px) 100vw, 600px\" \/><\/div><\/div><div class=\"person-desc\"><div class=\"person-author\"><div class=\"person-author-wrapper\"><span class=\"person-name\">Pascal Mettler<\/span><span class=\"person-title\"><\/span><\/div><\/div><div class=\"person-content fusion-clearfix\">Gesch\u00e4ftsf\u00fchrer<br \/>\nK\u00fcnstler- und Kulturmanagement, Projektleitung, Theaterp\u00e4dagogik<\/p>\n<p>K\u00dcNSTLERVERMITTLUNG:<br \/>\nsch\u00f6n&amp;gut, Dominic Deville, 9 Volt Nelly, Jane Mumford und Lisa B\u00f6gli<\/p>\n<p>DIREKT KONTAKT:<br \/>\nRebbergstrasse 23<br \/>\nCH-8356 Ettenhausen TG<\/p>\n<p>mettler@kulturbau.ch<br \/>\n+41 79 242 27 30<\/div><\/div><\/div><div class=\"fusion-button-wrapper\"><a class=\"fusion-button button-flat fusion-button-default-size button-default fusion-button-default button-4 fusion-button-default-span fusion-button-default-type\" target=\"_blank\" rel=\"noopener noreferrer\" href=\"https:\/\/kulturbau.ch\/ws19\/wp-content\/uploads\/2025\/11\/pm25.pdf\"><i class=\"fa-file-pdf fas awb-button__icon awb-button__icon--default button-icon-left\" aria-hidden=\"true\"><\/i><span class=\"fusion-button-text awb-button__text awb-button__text--default\">Portrait (pdf)<\/span><\/a><\/div><div class=\"fusion-clearfix\"><\/div><\/div><\/div><\/div><\/div><div class=\"fusion-fullwidth fullwidth-box fusion-builder-row-2 nonhundred-percent-fullwidth non-hundred-percent-height-scrolling gradient-container-2\" style=\"--awb-border-radius-top-left:0px;--awb-border-radius-top-right:0px;--awb-border-radius-bottom-right:0px;--awb-border-radius-bottom-left:0px;--awb-padding-top:0px;--awb-flex-wrap:wrap;\" ><div class=\"fusion-builder-row fusion-row\"><div class=\"fusion-layout-column fusion_builder_column fusion-builder-column-3 fusion_builder_column_1_1 1_1 fusion-one-full fusion-column-first fusion-column-last\" style=\"--awb-padding-top:40px;--awb-padding-bottom:20px;--awb-bg-blend:overlay;--awb-bg-size:cover;\"><div class=\"fusion-column-wrapper fusion-column-has-shadow fusion-flex-column-wrapper-legacy\"><div class=\"fusion-button-wrapper\"><a class=\"fusion-button button-flat button-small button-custom fusion-button-default button-5 fusion-button-default-span fusion-no-small-visibility fusion-animated fusion-has-button-gradient\" style=\"--button_accent_color:#fffff;--button_accent_hover_color:#ffffff;--button_border_hover_color:#ffffff;--button_gradient_top_color:rgba(255,153,0,0.56);--button_gradient_bottom_color:#ff9900;--button_gradient_top_color_hover:rgba(0,0,153,0.73);--button_gradient_bottom_color_hover:#000099;\" data-animationType=\"shake\" data-animationDuration=\"0.3\" data-animationOffset=\"top-into-view\" target=\"_blank\" rel=\"noopener noreferrer\" href=\"https:\/\/kulturbau.ch\/medien-center\/KB\/Doku_Kulturbau.pdf\"><i class=\"fa-download fas awb-button__icon awb-button__icon--default button-icon-left\" aria-hidden=\"true\"><\/i><span class=\"fusion-button-text awb-button__text awb-button__text--default\">Kulturbau Doku (pdf)<\/span><\/a><\/div><div class=\"elegant-document-viewer document-type-pdf fusion-no-small-visibility \" style=\"height:1200px;\"><embed src=\"https:\/\/kulturbau.ch\/medien-center\/KB\/Doku_Kulturbau.pdf\" style=\"width: 100%; height: 100%;\"><\/embed><\/div><div class=\"fusion-clearfix\"><\/div><\/div><\/div><\/div><\/div><\/p>\n","protected":false},"excerpt":{"rendered":"","protected":false},"author":2,"featured_media":0,"parent":0,"menu_order":0,"comment_status":"closed","ping_status":"closed","template":"","meta":{"footnotes":""},"class_list":["post-172","page","type-page","status-publish","hentry"],"yoast_head":"<!-- This site is optimized with the Yoast SEO plugin v27.1.1 - https:\/\/yoast.com\/product\/yoast-seo-wordpress\/ -->\n<title>Kulturbau - Kulturbau GmbH<\/title>\n<meta name=\"description\" content=\"K\u00fcnstlervermittlung &amp; Kulturproduktionen in der Kleinkunst: sch\u00f6n&amp;gut, Uta K\u00f6bernick, Dominic Deville, Strohmann-Kauz, 9 Volt Nelly, Hart auf Hart, Matthias Kunz, Jane Mumford, B\u00f6ser Montag, Theatersport, u.v.m.\" \/>\n<meta name=\"robots\" content=\"index, follow, max-snippet:-1, max-image-preview:large, max-video-preview:-1\" \/>\n<link rel=\"canonical\" href=\"https:\/\/kulturbau.ch\/ws19\/kulturbau\/\" \/>\n<meta property=\"og:locale\" content=\"de_DE\" \/>\n<meta property=\"og:type\" content=\"article\" \/>\n<meta property=\"og:title\" content=\"Kulturbau - Kulturbau GmbH\" \/>\n<meta property=\"og:description\" content=\"K\u00fcnstlervermittlung &amp; Kulturproduktionen in der Kleinkunst: sch\u00f6n&amp;gut, Uta K\u00f6bernick, Dominic Deville, Strohmann-Kauz, 9 Volt Nelly, Hart auf Hart, Matthias Kunz, Jane Mumford, B\u00f6ser Montag, Theatersport, u.v.m.\" \/>\n<meta property=\"og:url\" content=\"https:\/\/kulturbau.ch\/ws19\/kulturbau\/\" \/>\n<meta property=\"og:site_name\" content=\"Kulturbau GmbH\" \/>\n<meta property=\"article:publisher\" content=\"https:\/\/www.facebook.com\/kulturbau\" \/>\n<meta property=\"article:modified_time\" content=\"2026-03-18T16:57:38+00:00\" \/>\n<meta name=\"twitter:card\" content=\"summary_large_image\" \/>\n<meta name=\"twitter:label1\" content=\"Gesch\u00e4tzte Lesezeit\" \/>\n\t<meta name=\"twitter:data1\" content=\"2\u00a0Minuten\" \/>\n<script type=\"application\/ld+json\" class=\"yoast-schema-graph\">{\"@context\":\"https:\/\/schema.org\",\"@graph\":[{\"@type\":\"WebPage\",\"@id\":\"https:\/\/kulturbau.ch\/ws19\/kulturbau\/\",\"url\":\"https:\/\/kulturbau.ch\/ws19\/kulturbau\/\",\"name\":\"Kulturbau - Kulturbau GmbH\",\"isPartOf\":{\"@id\":\"https:\/\/kulturbau.ch\/ws19\/#website\"},\"datePublished\":\"2019-07-06T13:20:00+00:00\",\"dateModified\":\"2026-03-18T16:57:38+00:00\",\"description\":\"K\u00fcnstlervermittlung & Kulturproduktionen in der Kleinkunst: sch\u00f6n&gut, Uta K\u00f6bernick, Dominic Deville, Strohmann-Kauz, 9 Volt Nelly, Hart auf Hart, Matthias Kunz, Jane Mumford, B\u00f6ser Montag, Theatersport, u.v.m.\",\"breadcrumb\":{\"@id\":\"https:\/\/kulturbau.ch\/ws19\/kulturbau\/#breadcrumb\"},\"inLanguage\":\"de-CH\",\"potentialAction\":[{\"@type\":\"ReadAction\",\"target\":[\"https:\/\/kulturbau.ch\/ws19\/kulturbau\/\"]}]},{\"@type\":\"BreadcrumbList\",\"@id\":\"https:\/\/kulturbau.ch\/ws19\/kulturbau\/#breadcrumb\",\"itemListElement\":[{\"@type\":\"ListItem\",\"position\":1,\"name\":\"Home\",\"item\":\"https:\/\/kulturbau.ch\/ws19\/\"},{\"@type\":\"ListItem\",\"position\":2,\"name\":\"Kulturbau\"}]},{\"@type\":\"WebSite\",\"@id\":\"https:\/\/kulturbau.ch\/ws19\/#website\",\"url\":\"https:\/\/kulturbau.ch\/ws19\/\",\"name\":\"Kulturbau GmbH\",\"description\":\"K\u00fcnstlervermittlung &amp; Kulturproduktionen\",\"publisher\":{\"@id\":\"https:\/\/kulturbau.ch\/ws19\/#organization\"},\"potentialAction\":[{\"@type\":\"SearchAction\",\"target\":{\"@type\":\"EntryPoint\",\"urlTemplate\":\"https:\/\/kulturbau.ch\/ws19\/?s={search_term_string}\"},\"query-input\":{\"@type\":\"PropertyValueSpecification\",\"valueRequired\":true,\"valueName\":\"search_term_string\"}}],\"inLanguage\":\"de-CH\"},{\"@type\":\"Organization\",\"@id\":\"https:\/\/kulturbau.ch\/ws19\/#organization\",\"name\":\"Kulturbau GmbH\",\"url\":\"https:\/\/kulturbau.ch\/ws19\/\",\"logo\":{\"@type\":\"ImageObject\",\"inLanguage\":\"de-CH\",\"@id\":\"https:\/\/kulturbau.ch\/ws19\/#\/schema\/logo\/image\/\",\"url\":\"https:\/\/kulturbau.ch\/ws19\/wp-content\/uploads\/2019\/07\/kulturbau_logo.gif\",\"contentUrl\":\"https:\/\/kulturbau.ch\/ws19\/wp-content\/uploads\/2019\/07\/kulturbau_logo.gif\",\"width\":313,\"height\":58,\"caption\":\"Kulturbau GmbH\"},\"image\":{\"@id\":\"https:\/\/kulturbau.ch\/ws19\/#\/schema\/logo\/image\/\"},\"sameAs\":[\"https:\/\/www.facebook.com\/kulturbau\",\"https:\/\/www.instagram.com\/kulturbau_agentur\/\"]}]}<\/script>\n<!-- \/ Yoast SEO plugin. -->","yoast_head_json":{"title":"Kulturbau - Kulturbau GmbH","description":"K\u00fcnstlervermittlung & Kulturproduktionen in der Kleinkunst: sch\u00f6n&gut, Uta K\u00f6bernick, Dominic Deville, Strohmann-Kauz, 9 Volt Nelly, Hart auf Hart, Matthias Kunz, Jane Mumford, B\u00f6ser Montag, Theatersport, u.v.m.","robots":{"index":"index","follow":"follow","max-snippet":"max-snippet:-1","max-image-preview":"max-image-preview:large","max-video-preview":"max-video-preview:-1"},"canonical":"https:\/\/kulturbau.ch\/ws19\/kulturbau\/","og_locale":"de_DE","og_type":"article","og_title":"Kulturbau - Kulturbau GmbH","og_description":"K\u00fcnstlervermittlung & Kulturproduktionen in der Kleinkunst: sch\u00f6n&gut, Uta K\u00f6bernick, Dominic Deville, Strohmann-Kauz, 9 Volt Nelly, Hart auf Hart, Matthias Kunz, Jane Mumford, B\u00f6ser Montag, Theatersport, u.v.m.","og_url":"https:\/\/kulturbau.ch\/ws19\/kulturbau\/","og_site_name":"Kulturbau GmbH","article_publisher":"https:\/\/www.facebook.com\/kulturbau","article_modified_time":"2026-03-18T16:57:38+00:00","twitter_card":"summary_large_image","twitter_misc":{"Gesch\u00e4tzte Lesezeit":"2\u00a0Minuten"},"schema":{"@context":"https:\/\/schema.org","@graph":[{"@type":"WebPage","@id":"https:\/\/kulturbau.ch\/ws19\/kulturbau\/","url":"https:\/\/kulturbau.ch\/ws19\/kulturbau\/","name":"Kulturbau - Kulturbau GmbH","isPartOf":{"@id":"https:\/\/kulturbau.ch\/ws19\/#website"},"datePublished":"2019-07-06T13:20:00+00:00","dateModified":"2026-03-18T16:57:38+00:00","description":"K\u00fcnstlervermittlung & Kulturproduktionen in der Kleinkunst: sch\u00f6n&gut, Uta K\u00f6bernick, Dominic Deville, Strohmann-Kauz, 9 Volt Nelly, Hart auf Hart, Matthias Kunz, Jane Mumford, B\u00f6ser Montag, Theatersport, u.v.m.","breadcrumb":{"@id":"https:\/\/kulturbau.ch\/ws19\/kulturbau\/#breadcrumb"},"inLanguage":"de-CH","potentialAction":[{"@type":"ReadAction","target":["https:\/\/kulturbau.ch\/ws19\/kulturbau\/"]}]},{"@type":"BreadcrumbList","@id":"https:\/\/kulturbau.ch\/ws19\/kulturbau\/#breadcrumb","itemListElement":[{"@type":"ListItem","position":1,"name":"Home","item":"https:\/\/kulturbau.ch\/ws19\/"},{"@type":"ListItem","position":2,"name":"Kulturbau"}]},{"@type":"WebSite","@id":"https:\/\/kulturbau.ch\/ws19\/#website","url":"https:\/\/kulturbau.ch\/ws19\/","name":"Kulturbau GmbH","description":"K\u00fcnstlervermittlung &amp; Kulturproduktionen","publisher":{"@id":"https:\/\/kulturbau.ch\/ws19\/#organization"},"potentialAction":[{"@type":"SearchAction","target":{"@type":"EntryPoint","urlTemplate":"https:\/\/kulturbau.ch\/ws19\/?s={search_term_string}"},"query-input":{"@type":"PropertyValueSpecification","valueRequired":true,"valueName":"search_term_string"}}],"inLanguage":"de-CH"},{"@type":"Organization","@id":"https:\/\/kulturbau.ch\/ws19\/#organization","name":"Kulturbau GmbH","url":"https:\/\/kulturbau.ch\/ws19\/","logo":{"@type":"ImageObject","inLanguage":"de-CH","@id":"https:\/\/kulturbau.ch\/ws19\/#\/schema\/logo\/image\/","url":"https:\/\/kulturbau.ch\/ws19\/wp-content\/uploads\/2019\/07\/kulturbau_logo.gif","contentUrl":"https:\/\/kulturbau.ch\/ws19\/wp-content\/uploads\/2019\/07\/kulturbau_logo.gif","width":313,"height":58,"caption":"Kulturbau GmbH"},"image":{"@id":"https:\/\/kulturbau.ch\/ws19\/#\/schema\/logo\/image\/"},"sameAs":["https:\/\/www.facebook.com\/kulturbau","https:\/\/www.instagram.com\/kulturbau_agentur\/"]}]}},"_links":{"self":[{"href":"https:\/\/kulturbau.ch\/ws19\/wp-json\/wp\/v2\/pages\/172","targetHints":{"allow":["GET"]}}],"collection":[{"href":"https:\/\/kulturbau.ch\/ws19\/wp-json\/wp\/v2\/pages"}],"about":[{"href":"https:\/\/kulturbau.ch\/ws19\/wp-json\/wp\/v2\/types\/page"}],"author":[{"embeddable":true,"href":"https:\/\/kulturbau.ch\/ws19\/wp-json\/wp\/v2\/users\/2"}],"replies":[{"embeddable":true,"href":"https:\/\/kulturbau.ch\/ws19\/wp-json\/wp\/v2\/comments?post=172"}],"version-history":[{"count":114,"href":"https:\/\/kulturbau.ch\/ws19\/wp-json\/wp\/v2\/pages\/172\/revisions"}],"predecessor-version":[{"id":8640,"href":"https:\/\/kulturbau.ch\/ws19\/wp-json\/wp\/v2\/pages\/172\/revisions\/8640"}],"wp:attachment":[{"href":"https:\/\/kulturbau.ch\/ws19\/wp-json\/wp\/v2\/media?parent=172"}],"curies":[{"name":"wp","href":"https:\/\/api.w.org\/{rel}","templated":true}]}}